{"id":4708,"date":"2016-10-31T10:46:07","date_gmt":"2016-10-31T09:46:07","guid":{"rendered":"http:\/\/www.projekt-kirche.de\/?page_id=4708"},"modified":"2023-02-13T07:10:31","modified_gmt":"2023-02-13T06:10:31","slug":"bibel","status":"publish","type":"page","link":"https:\/\/www.projekt-kirche.de\/?page_id=4708","title":{"rendered":"Bibel"},"content":{"rendered":"<div class=\"shariff\" data-title=\"Bibel\" data-info-url=\"http:\/\/ct.de\/-2467514\" data-backend-url=\"https:\/\/www.projekt-kirche.de\/wp-content\/plugins\/shariff-sharing\/backend\/index.php\" data-temp=\"\/tmp\" data-ttl=\"60\" data-service=\"gftr\" data-services='[\"googleplus\",\"facebook\",\"twitter\",\"reddit\",\"info\"]' data-image=\"\" data-url=\"https:\/\/www.projekt-kirche.de\/?page_id=4708\" data-lang=\"de\" data-theme=\"colored\" data-orientation=\"horizontal\"><\/div><h3>Bibeln<\/h3>\n<ul>\n<li><a href=\"http:\/\/www.bibleserver.com\/\" target=\"_blank\" rel=\"noopener noreferrer\">bibleserver.com<\/a> (\u00f6kum.)<\/li>\n<li><a href=\"https:\/\/dasbibelprojekt.de\/\">Das Bibel Projekt<\/a> (\u00f6kum.)<\/li>\n<\/ul>\n<h3>Bibelkommentare<\/h3>\n<ul>\n<li><a href=\"http:\/\/www.scm-shop.de\/produkt\/titel\/begegnung-fuers-leben-motiv-taube-weiss\/190766\/190766\/190766.html\" target=\"_blank\" rel=\"noopener noreferrer\">Begegnung f\u00fcr&#8217;s Leben Studienbibel<\/a> (prot.)<\/li>\n<li><a href=\"http:\/\/www.booklooker.de\/app\/result.php?page=1&amp;recPerPage=30&amp;setMediaType=0&amp;titel=PRAKTISCHER+KOMMENTAR+ZUR+BIBLISCHEN+GESCHICHTE&amp;&amp;sortOrder=default\" target=\"_blank\" rel=\"noopener noreferrer\">Praktischer Kommentar zur biblischen Geschichte<\/a> (kath.)<\/li>\n<li><a href=\"https:\/\/archive.org\/details\/apracticalcommen00knecuoft\" target=\"_blank\" rel=\"noopener noreferrer\">A practical commentary on Holy Scripture for the use of those who teach Bible history<\/a> (kath.)<\/li>\n<li><a href=\"https:\/\/www.ecatholic2000.com\/haydock\/title.shtml\" target=\"_blank\" rel=\"noopener noreferrer\">Haydock&#8217;s Catholic Bible Commentary<\/a> (kath.\/engl.)<\/li>\n<li><a href=\"http:\/\/www.catena-aurea.de\/\" target=\"_blank\" rel=\"noopener noreferrer\">Catena Aurea<\/a> (kath.)<\/li>\n<li><a href=\"http:\/\/www.amazon.de\/exec\/obidos\/ASIN\/3417247403\/ref=lm_lb_5\/303-3362571-5950667\" target=\"_blank\" rel=\"noopener noreferrer\">Kommentar zur Bibel. AT und NT in einem Band.<\/a> (prot.)<\/li>\n<li><a href=\"http:\/\/www.amazon.de\/Highlights-Alten-Testament-Band-Betrachtungen\/dp\/3863570588\/ref=sr_1_1?ie=UTF8&amp;qid=1404669325&amp;sr=8-1&amp;keywords=highlights+aus+dem+alten+testament\">Highlights aus dem Alten Testament Bd. 1-8<\/a> (kath.)<\/li>\n<li><a href=\"http:\/\/www.agapebiblestudy.com\/\" target=\"_blank\" rel=\"noopener noreferrer\">Agape Catholic Bible Study <\/a>(kath.\/engl.)<\/li>\n<li><a href=\"http:\/\/www.bol.de\/shop\/home\/suche\/?sswg=ANY&amp;sq=Ignatius+Study+Bible%3A&amp;x=0&amp;y=0\">Ignatius Catholic Study Bible<\/a> (kath.\/engl.)<\/li>\n<li><a href=\"http:\/\/www.amazon.de\/Das-gro%C3%9Fe-Handbuch-zur-Bibel\/dp\/3460302208\/ref=sr_1_1?s=books&amp;ie=UTF8&amp;qid=1407855328&amp;sr=1-1&amp;keywords=das+handbuch+zur+bibel\" target=\"_blank\" rel=\"noopener noreferrer\">Das gro\u00dfe Handbuch zur Bibel<\/a> (prot.)<\/li>\n<li><a href=\"http:\/\/www.geistige-schriftauslegung.de\" target=\"_blank\" rel=\"noopener noreferrer\">Geistige Schriftauslegung<\/a> (kath.)<\/li>\n<li><a href=\"https:\/\/www.mariendonk.de\/index.php\/bibel\/kirchenvaeter\" target=\"_blank\" rel=\"noopener noreferrer\">Kirchenv\u00e4terauslegungen zum Evangelium<\/a> (kath.)<\/li>\n<li><a href=\"http:\/\/catenabible.com\">Catena bible<\/a><\/li>\n<\/ul>\n<h3>Glaubw\u00fcrdigkeit der Bibel<\/h3>\n<ul>\n<li><a href=\"https:\/\/www.wort-und-wissen.org\/produkt\/die-bibel-ist-ein-mythos-muss-ich-das-glauben\/\">\u201eDie Bibel ist ein Mythos\u201c \u2013 muss ich das glauben?<\/a><\/li>\n<li><a href=\"https:\/\/www.catholic.com\/magazine\/print-edition\/is-everything-in-the-bible-true\">Is everything in the Bible true?<\/a><\/li>\n<li><a href=\"https:\/\/www.catholicculture.org\/culture\/library\/most\/getchap.cfm?WorkNum=216&amp;ChapNum=27\">Free From All Error: Authorship, Inerrancy, Historicity of Scripture, Church Teaching, and Modern Scripture Scholars<\/a><\/li>\n<\/ul>\n","protected":false},"excerpt":{"rendered":"<p>Bibeln bibleserver.com (\u00f6kum.) Das Bibel Projekt (\u00f6kum.) Bibelkommentare Begegnung f\u00fcr&#8217;s Leben Studienbibel (prot.) Praktischer Kommentar zur biblischen Geschichte (kath.) A practical commentary on Holy Scripture for the use of those who teach Bible history (kath.) Haydock&#8217;s Catholic Bible Commentary (kath.\/engl.) Catena Aurea (kath.) Kommentar zur Bibel. AT und NT in einem Band. (prot.) Highlights aus [&hellip;]<\/p>\n","protected":false},"author":1,"featured_media":0,"parent":2549,"menu_order":0,"comment_status":"closed","ping_status":"closed","template":"","meta":{"jetpack_post_was_ever_published":false,"footnotes":""},"class_list":["post-4708","page","type-page","status-publish","hentry"],"jetpack_shortlink":"https:\/\/wp.me\/P4Sdv6-1dW","jetpack_sharing_enabled":true,"_links":{"self":[{"href":"https:\/\/www.projekt-kirche.de\/index.php?rest_route=\/wp\/v2\/pages\/4708","targetHints":{"allow":["GET"]}}],"collection":[{"href":"https:\/\/www.projekt-kirche.de\/index.php?rest_route=\/wp\/v2\/pages"}],"about":[{"href":"https:\/\/www.projekt-kirche.de\/index.php?rest_route=\/wp\/v2\/types\/page"}],"author":[{"embeddable":true,"href":"https:\/\/www.projekt-kirche.de\/index.php?rest_route=\/wp\/v2\/users\/1"}],"replies":[{"embeddable":true,"href":"https:\/\/www.projekt-kirche.de\/index.php?rest_route=%2Fwp%2Fv2%2Fcomments&post=4708"}],"version-history":[{"count":10,"href":"https:\/\/www.projekt-kirche.de\/index.php?rest_route=\/wp\/v2\/pages\/4708\/revisions"}],"predecessor-version":[{"id":9556,"href":"https:\/\/www.projekt-kirche.de\/index.php?rest_route=\/wp\/v2\/pages\/4708\/revisions\/9556"}],"up":[{"embeddable":true,"href":"https:\/\/www.projekt-kirche.de\/index.php?rest_route=\/wp\/v2\/pages\/2549"}],"wp:attachment":[{"href":"https:\/\/www.projekt-kirche.de\/index.php?rest_route=%2Fwp%2Fv2%2Fmedia&parent=4708"}],"curies":[{"name":"wp","href":"https:\/\/api.w.org\/{rel}","templated":true}]}}