{"id":4935,"date":"2017-05-17T06:40:10","date_gmt":"2017-05-17T04:40:10","guid":{"rendered":"http:\/\/www.projekt-kirche.de\/?page_id=4935"},"modified":"2025-09-24T14:17:19","modified_gmt":"2025-09-24T12:17:19","slug":"glaube-wissenschaft","status":"publish","type":"page","link":"https:\/\/www.projekt-kirche.de\/?page_id=4935","title":{"rendered":"Glaube &amp; Wissenschaft"},"content":{"rendered":"<div class=\"shariff\" data-title=\"Glaube &amp; Wissenschaft\" data-info-url=\"http:\/\/ct.de\/-2467514\" data-backend-url=\"https:\/\/www.projekt-kirche.de\/wp-content\/plugins\/shariff-sharing\/backend\/index.php\" data-temp=\"\/tmp\" data-ttl=\"60\" data-service=\"gftr\" data-services='[\"googleplus\",\"facebook\",\"twitter\",\"reddit\",\"info\"]' data-image=\"\" data-url=\"https:\/\/www.projekt-kirche.de\/?page_id=4935\" data-lang=\"de\" data-theme=\"colored\" data-orientation=\"horizontal\"><\/div><ul>\n<li><a href=\"http:\/\/www.originality-of-species.net\/Deutsch\">Die Urspr\u00fcnglichkeit der Arten<\/a> (kath.)<\/li>\n<li><a href=\"http:\/\/www.katholische-schoepfungslehre.de\">Katholische Sch\u00f6pfungslehre<\/a> (kath.)<\/li>\n<li><a href=\"http:\/\/www.wort-und-wissen.de\">Wort und Wissen<\/a> (prot.)<\/li>\n<li><a href=\"https:\/\/www.genesisnet.info\/\">GenesisNet<\/a> (prot.)<\/li>\n<li><a href=\"http:\/\/www.thomisticevolution.org\">Thomistic Evolution<\/a> (kath.)<\/li>\n<li><a href=\"https:\/\/books.google.de\/books?id=lKs-DwAAQBAJ&amp;printsec=frontcover&amp;redir_esc=y#v=onepage&amp;q&amp;f=false\">Sch\u00f6pfung oder Evolution \u2013 ein Faktencheck<\/a> (prot.)<\/li>\n<li><a href=\"https:\/\/www.scm-shop.de\/leben-woher.html\">Leben &#8211; woher?<\/a> (prot.)<\/li>\n<li><a href=\"https:\/\/www.wort-und-wissen.org\/produkt\/soe_klarer-fall\/\">Sch\u00f6pfung oder Evolution. Ein klarer Fall!?<\/a> (prot.)<\/li>\n<li><a href=\"http:\/\/www.evolutionslehrbuch.info\/\">Evolution &#8211; Ein kritisches Lehrbuch<\/a> (prot.)<\/li>\n<li><a href=\"https:\/\/www.janash.org\/\">Janash.org<\/a> (prot.)<\/li>\n<li><a href=\"https:\/\/www.youtube.com\/watch?v=bOPEdSprSWs&amp;feature=push-sd&amp;attr_tag=Fj7rcl0-IxB4ICdY-6\">Hat Darwin recht?<\/a> (prot.)<\/li>\n<li><a href=\"https:\/\/youtu.be\/9-jTZm1RFfU\">Wie alt ist die Welt?<\/a> (prot.)<\/li>\n<li><a href=\"https:\/\/youtu.be\/wGici3JfNN8\">Im Anfang war der gro\u00dfe Knall?<\/a> (prot.)<\/li>\n<li><a href=\"https:\/\/youtu.be\/oFh3rCpm9U8\">Nach uns die Sintflut?<\/a> (prot.)<\/li>\n<li><a href=\"http:\/\/www.creatio.orthodoxy.ru\/english\/rose_genesis\/index.html\">Genesis, Creation and Early Man<\/a>, <a href=\"https:\/\/archive.org\/details\/GenesisCreationAndEarlyManTheOrthodoxChristianVision?utm_source=pocket_mylist\">pdf<\/a> (orth.)<\/li>\n<li><a href=\"https:\/\/genesiscreationandearlyman.blogspot.com\/2014\/06\/the-patristic-doctrine-of-creation.html\">The Patristic Doctrine of Creation<\/a> (orth.)<\/li>\n<li><a href=\"https:\/\/www.amazon.com\/-\/de\/gp\/aw\/d\/B082BGNDN6\/ref=tmm_kin_swatch_0?ie=UTF8&amp;qid=&amp;sr=\">The Patristic Understanding of Creation<\/a> (prot.)<\/li>\n<li><a href=\"https:\/\/answersingenesis.org\/de\/\">Antworten in der Genesis<\/a> (prot.)<\/li>\n<li><a href=\"https:\/\/answersingenesis.org\/de\/antworten\/fragen-und-antworten-zur-wahrheit-der-bibel\/\">Evolution \u2013 Wissenschaft oder Glaube?\u201c<\/a> (prot.)<\/li>\n<li><a href=\"https:\/\/sperling2.files.wordpress.com\/2016\/06\/chrysostomos_genesis_homilien_1-28_paderborn_1912_hq.pdf\">Homilien \u00fcber die Genesis<\/a> (kath.\/orth.) <a href=\"https:\/\/www.projekt-kirche.de\/wp-content\/uploads\/2019\/10\/Homilien-uber-die-Genesis-Johannes-Chrysostomus.epub\">EPUB version<\/a><\/li>\n<li><a href=\"https:\/\/creation.com\/die-sintflut-und-das-gilgamesch-epos\">Die Sintflut und das Gilgamesch-Epos<\/a> (prot.)<\/li>\n<li><a href=\"https:\/\/clkv.ch\/evolution-schoepfung\">Evolution \/ Sch\u00f6pfung<\/a> (prot.)<\/li>\n<li><a href=\"https:\/\/www.daniel-verlag.de\/produkt\/vom-stein-creatio\/\">Creatio<\/a> (prot.)<\/li>\n<li><a href=\"https:\/\/www.wort-und-wissen.org\/artikel\/\">W+W Special Paper<\/a> (prot.)<\/li>\n<li><a href=\"https:\/\/www.bibleserver.com\/NLB\/1.Mose1\" class=\"bibleserver extern\" target=\"_blank\">Genesis 1 und 2<\/a>: Zwei sich erg\u00e4nzende Schilderungen vom Anfang (prot.)<\/li>\n<li><a href=\"https:\/\/youtu.be\/lLeKBcTvAO0\">Wort und Wissen stellt sich vor<\/a> (prot.)<\/li>\n<li><a href=\"https:\/\/youtu.be\/Or_q4bJyO1g\">Wie entstand das Leben?<\/a> (prot.)<\/li>\n<li><a href=\"https:\/\/www.catholic.com\/tract\/creation-and-genesis\">What the Early Church believed: Creation &amp; Genesis<\/a> (kath.)<\/li>\n<li><a href=\"https:\/\/blogs.ancientfaith.com\/nootherfoundation\/the-fathers-of-the-church-and-the-creation-stories\/\">The Fathers of the Church and the Creation Story<\/a> (orth.)<\/li>\n<li><span style=\"color:rgb(0,0,0); font-family:\" ebgaramondserif=\"ebgaramondserif\" _32px=\"font-size:_32px\" normal=\"white-space:normal\" small-caps=\"font-variant-caps:small-caps\" _400=\"font-weight:_400\" _1.2px=\"letter-spacing:_1.2px\" _2text-indent0px=\"orphans:_2text-indent0px\" none=\"float:none\" _2=\"widows:_2\" _0px=\"_-webkit-text-stroke-width:_0px\" rgba2332362220.7=\"background-color:rgba2332362220.7\" initial=\"text-decoration-color:initial\" inlineimportant=\"display:inlineimportant\" center=\"text-align:center\"><a href=\"https:\/\/bkv.unifr.ch\/de\/works\/cpg-2835\/versions\/homilien-uber-das-hexaemeron-bkv\">Homilien \u00fcber das Hexaemeron<\/a><\/span> (kath.\/orth.)<\/li>\n<li><a href=\"https:\/\/foundationsrestored.com\/\">Foundations Restored<\/a> (kath.)<\/li>\n<li><span style=\"color:rgb(26,26,26); font-family:\" amazonemberarialsans-serif=\"amazonemberarialsans-serif\" _15px=\"font-size:_15px\" normal=\"white-space:normal\" _700=\"font-weight:_700\" _2text-indent0px=\"orphans:_2text-indent0px\" none=\"float:none\" _2=\"widows:_2\" _0px=\"_-webkit-text-stroke-width:_0px\" rgb255255255=\"background-color:rgb255255255\" initial=\"text-decoration-color:initial\" inlineimportant=\"display:inlineimportant\" left=\"text-align:left\"><a dir=\"dir\" href=\"https:\/\/www.wort-und-wissen.org\/produkt\/genesis-schoepfung-und-evolution\/\" genesis=\"genesis\" sch\u00f6pfung=\"sch\u00f6pfung\" und=\"und\" _=\"https:_\" beitr\u00e4ge=\"beitr\u00e4ge\" zur=\"zur\" auslegung=\"auslegung\" bedeutung=\"bedeutung\" des=\"des\" ersten=\"ersten\" buchs=\"buchs\" der=\"der\" bibel=\"bibel\" von=\"von\" reinhard=\"reinhard\" junker=\"junker\" k\u00f6nnte=\"k\u00f6nnte\" gefallen.=\"gefallen.\" jetzt=\"jetzt\" kostenlos=\"kostenlos\" amzn.eu=\"amzn.eu\" _44iqvdz=\"_44iqvdz\">Genesis, Sch\u00f6pfung und Evolution.: Beitr\u00e4ge zur Auslegung und Bedeutung des ersten Buchs der Bibel<\/a><\/span> (prot.)<\/li>\n<li><a href=\"https:\/\/youtu.be\/IlbqkVkFqJE\">Woher kommt die Menschheit?<\/a> (prot.)<\/li>\n<li><a href=\"https:\/\/www.stjosef.at\/dokumente\/humani_generis.htm\">Enzyklika &#8220;Humani Generis&#8221;<\/a> (kath.)<\/li>\n<li><a href=\"https:\/\/www.kolbecenter.org\/\">Kolbe Center<\/a> (kath.)<\/li>\n<li><a href=\"https:\/\/foundationsrestored.com\/\">Foundations Restored<\/a> (kath.)<\/li>\n<li><a href=\"https:\/\/amzn.eu\/gcuNJbT\">Der Anfang der materiellen Welt<\/a> (kath.)<\/li>\n<li><a href=\"https:\/\/amzn.eu\/icyIXLH\">The originality of species<\/a> (kath.)<\/li>\n<li><a href=\"https:\/\/youtu.be\/b2E4bYOJv6o\">Gott erschuf alles &#8211; ohne Evolution<\/a> (kath.)<\/li>\n<li><a href=\"https:\/\/www.genesisnet.info\/?Sprache=de\">Genesisnet<\/a> (prot.)<\/li>\n<li><a href=\"https:\/\/www.ag-evolutionsbiologie.de\/\">AG Evolutionsbiologie<\/a> (pro Evolution)<\/li>\n<li><a href=\"https:\/\/creation.com\/\">Creation.com<\/a> (prot. )<\/li>\n<li><a href=\"https:\/\/creation.com\/en\/topics\">Creation.com topics<\/a> (prot.)<\/li>\n<li><a href=\"https:\/\/creation.com\/evidence-for-a-young-world-german\">Indizien f\u00fcr eine junge Welt<\/a> (prot.)<\/li>\n<li><a href=\"https:\/\/creation.com\/erodierende-alter\">Erodierende Altersangaben<\/a> (prot.)<\/li>\n<li><a href=\"https:\/\/ukstore.creation.com\/product\/1137-the-deep-time-deception\">The Deep Time Deception<\/a> (prot.)<\/li>\n<li><a href=\"https:\/\/youtu.be\/ImgPSKdohpY\">Kam das Leben aus der Ursuppe?<\/a> (prot.)<\/li>\n<li><a href=\"https:\/\/youtu.be\/QmSJrRguqXQ\">Was ein christlicher Biologe \u00fcber Evolution denkt<\/a> (prot.)<\/li>\n<li><a href=\"https:\/\/www.daniel-verlag.de\/produkt\/vom-stein-was-nun-mr-darwin\/\">Was nun, Mr. Darwin?<\/a> (prot.)<\/li>\n<li><a href=\"https:\/\/www.booklooker.de\/B%C3%BCcher\/Angebote\/titel=Texte+der+Kirchenv%C3%A4ter+-+Eine+Auswahl+nach+Themen+geordnet\">Texte der Kirchenv\u00e4ter, Bd 1 (Kap. II Von der Sch\u00f6pfung)<\/a> (kath.)<\/li>\n<li><a href=\"https:\/\/www.schoepfung-durch-evolution.de\/\">Sch\u00f6pfung (o)der Evolution<\/a> (prot.)<\/li>\n<li><a href=\"https:\/\/www.scm-shop.de\/schoepfung-und-evolution.html\">Sch\u00f6pfung und Evolution<\/a> (prot.)<\/li>\n<li><a href=\"https:\/\/www.schoepfung-durch-evolution.de\/altersbestimmungen\">Radiometrische Altersbestimmungen \u2013 Eine christliche Sicht<\/a> (wiss.)<\/li>\n<li><a href=\"https:\/\/www.schoepfung-durch-evolution.de\/genom\">Genesis und das Genom<\/a> (wiss.)<\/li>\n<li><a href=\"https:\/\/glaubenaturwissenschaft.blogspot.com\/\">Glaube und Naturwissenschaft<\/a> (prot.)<\/li>\n<li><a href=\"http:\/\/\">Science, Reason and Faith<\/a> (kath.)<\/li>\n<\/ul>\n","protected":false},"excerpt":{"rendered":"<p>Die Urspr\u00fcnglichkeit der Arten (kath.) Katholische Sch\u00f6pfungslehre (kath.) Wort und Wissen (prot.) GenesisNet (prot.) Thomistic Evolution (kath.) Sch\u00f6pfung oder Evolution \u2013 ein Faktencheck (prot.) Leben &#8211; woher? (prot.) Sch\u00f6pfung oder Evolution. Ein klarer Fall!? (prot.) Evolution &#8211; Ein kritisches Lehrbuch (prot.) Janash.org (prot.) Hat Darwin recht? (prot.) Wie alt ist die Welt? (prot.) Im Anfang [&hellip;]<\/p>\n","protected":false},"author":1,"featured_media":0,"parent":0,"menu_order":0,"comment_status":"closed","ping_status":"closed","template":"","meta":{"jetpack_post_was_ever_published":false,"footnotes":""},"class_list":["post-4935","page","type-page","status-publish","hentry"],"jetpack_shortlink":"https:\/\/wp.me\/P4Sdv6-1hB","jetpack_sharing_enabled":true,"_links":{"self":[{"href":"https:\/\/www.projekt-kirche.de\/index.php?rest_route=\/wp\/v2\/pages\/4935","targetHints":{"allow":["GET"]}}],"collection":[{"href":"https:\/\/www.projekt-kirche.de\/index.php?rest_route=\/wp\/v2\/pages"}],"about":[{"href":"https:\/\/www.projekt-kirche.de\/index.php?rest_route=\/wp\/v2\/types\/page"}],"author":[{"embeddable":true,"href":"https:\/\/www.projekt-kirche.de\/index.php?rest_route=\/wp\/v2\/users\/1"}],"replies":[{"embeddable":true,"href":"https:\/\/www.projekt-kirche.de\/index.php?rest_route=%2Fwp%2Fv2%2Fcomments&post=4935"}],"version-history":[{"count":76,"href":"https:\/\/www.projekt-kirche.de\/index.php?rest_route=\/wp\/v2\/pages\/4935\/revisions"}],"predecessor-version":[{"id":10358,"href":"https:\/\/www.projekt-kirche.de\/index.php?rest_route=\/wp\/v2\/pages\/4935\/revisions\/10358"}],"wp:attachment":[{"href":"https:\/\/www.projekt-kirche.de\/index.php?rest_route=%2Fwp%2Fv2%2Fmedia&parent=4935"}],"curies":[{"name":"wp","href":"https:\/\/api.w.org\/{rel}","templated":true}]}}