{"id":5489,"date":"2018-06-02T15:45:15","date_gmt":"2018-06-02T14:45:15","guid":{"rendered":"http:\/\/www.projekt-kirche.de\/?page_id=5489"},"modified":"2025-11-20T08:42:58","modified_gmt":"2025-11-20T07:42:58","slug":"datenschutzerklaerung","status":"publish","type":"page","link":"https:\/\/www.projekt-kirche.de\/?page_id=5489","title":{"rendered":"Datenschutzerkl\u00e4rung"},"content":{"rendered":"<div class=\"shariff\" data-title=\"Datenschutzerkl\u00e4rung\" data-info-url=\"http:\/\/ct.de\/-2467514\" data-backend-url=\"https:\/\/www.projekt-kirche.de\/wp-content\/plugins\/shariff-sharing\/backend\/index.php\" data-temp=\"\/tmp\" data-ttl=\"60\" data-service=\"gftr\" data-services='[\"googleplus\",\"facebook\",\"twitter\",\"reddit\",\"info\"]' data-image=\"\" data-url=\"https:\/\/www.projekt-kirche.de\/?page_id=5489\" data-lang=\"de\" data-theme=\"colored\" data-orientation=\"horizontal\"><\/div>\n<h2 class=\"wp-block-heading\">Wer wir sind<\/h2>\n\n\n\n<p>Die Adresse unserer Website ist: https:\/\/www.projekt-kirche.de.<\/p>\n\n\n\n<p>Den verantwortlichen Anbieter dieser Website im datenschutzrechtlichen Sinne kannst du dem&nbsp;<a href=\"http:\/\/www.projekt-kirche.de\/?page_id=2893\">Impressum<\/a> entnehmen.<\/p>\n\n\n\n<h2 class=\"wp-block-heading\">Allgemeine Hinweise<\/h2>\n\n\n\n<p>Die Nutzung unserer Webseite ist in der Regel ohne Angabe personenbezogener Daten m\u00f6glich. Soweit auf unseren Seiten personenbezogene Daten (beispielsweise Name, Anschrift oder eMail-Adressen) erhoben werden, erfolgt dies, soweit m\u00f6glich, stets auf freiwilliger Basis. Diese Daten werden ohne deine ausdr\u00fcckliche Zustimmung nicht an Dritte weitergegeben.<\/p>\n\n\n\n<p>Wir weisen darauf hin, dass die Daten\u00fcbertragung im Internet (z.B. bei der Kommunikation per E-Mail) Sicherheitsl\u00fccken aufweisen kann. Ein l\u00fcckenloser Schutz der Daten vor dem Zugriff durch Dritte ist nicht m\u00f6glich.<\/p>\n\n\n\n<h3 class=\"wp-block-heading\">Hosting bei STRATO<\/h3>\n\n\n\n<p>Unsere Website wird auf Servern der STRATO AG, Otto-Ostrowski-Stra\u00dfe 7, 10249 Berlin, gehostet. STRATO speichert zum Betrieb und zur Sicherheit der Website sogenannte Server-Logfiles, die automatisch vom Browser \u00fcbermittelt werden. Dazu geh\u00f6ren unter anderem:<\/p>\n\n\n\n<ul class=\"wp-block-list\">\n<li>IP-Adresse (anonymisiert gespeichert)<\/li>\n\n\n\n<li>Datum und Uhrzeit des Zugriffs<\/li>\n\n\n\n<li>aufgerufene Seite\/Datei<\/li>\n\n\n\n<li>Browsertyp und Version<\/li>\n\n\n\n<li>Betriebssystem<\/li>\n\n\n\n<li>Referrer-URL<\/li>\n<\/ul>\n\n\n\n<p>Diese Daten werden ausschlie\u00dflich zur Sicherstellung des technischen Betriebs und zur Systemsicherheit verwendet und nicht mit anderen Datenquellen zusammengef\u00fchrt.<br>Die Verarbeitung erfolgt auf Grundlage von Art. 6 Abs. 1 lit. f DSGVO (berechtigtes Interesse).<\/p>\n\n\n\n<p>Mit STRATO wurde ein Auftragsverarbeitungsvertrag (AVV) gem\u00e4\u00df Art. 28 DSGVO abgeschlossen.<\/p>\n\n\n\n<h2 class=\"wp-block-heading\">Welche personenbezogenen Daten wir sammeln und warum wir sie sammeln<\/h2>\n\n\n\n<h3 class=\"wp-block-heading\">Kommentare<\/h3>\n\n\n\n<p>Wenn Besucher Kommentare auf der Website schreiben, sammeln wir die Daten, die im Kommentar-Formular angezeigt werden, au\u00dferdem die IP-Adresse des Besuchers und den User-Agent-String (damit wird der Browser identifiziert), um die Erkennung von Spam zu unterst\u00fctzen.<\/p>\n\n\n\n<p>Aus deiner E-Mail-Adresse kann eine anonymisierte Zeichenfolge erstellt (auch Hash genannt) und dem Gravatar-Dienst \u00fcbergeben werden, um zu pr\u00fcfen, ob du diesen benutzt. Die Datenschutzerkl\u00e4rung des Gravatar-Dienstes findest du hier: https:\/\/automattic.com\/privacy\/. Nachdem dein Kommentar freigegeben wurde, ist dein Profilbild \u00f6ffentlich im Kontext deines Kommentars sichtbar.<\/p>\n\n\n\n<h3 class=\"wp-block-heading\">Medien<\/h3>\n\n\n\n<p>Wenn du ein registrierter Benutzer bist und Fotos auf diese Website l\u00e4dst, solltest du vermeiden, Fotos mit einem EXIF-GPS-Standort hochzuladen. Besucher dieser Website k\u00f6nnten Fotos, die auf dieser Website gespeichert sind, herunterladen und deren Standort-Informationen extrahieren.<\/p>\n\n\n\n<h3 class=\"wp-block-heading\">Cookies<\/h3>\n\n\n\n<p>Wenn du einen Kommentar auf unserer Website schreibst, kann das eine Einwilligung sein, deinen Namen, E-Mail-Adresse und Website in Cookies zu speichern. Dies ist eine Komfortfunktion, damit du nicht, wenn du einen weiteren Kommentar schreibst, all diese Daten erneut eingeben musst. Diese Cookies werden ein Jahr lang gespeichert.<\/p>\n\n\n\n<p>Falls du ein Konto hast und dich auf dieser Website anmeldest, werden wir ein tempor\u00e4res Cookie setzen, um festzustellen, ob dein Browser Cookies akzeptiert. Dieses Cookie enth\u00e4lt keine personenbezogenen Daten und wird verworfen, wenn du deinen Browser schlie\u00dft.<\/p>\n\n\n\n<p>Wenn du dich anmeldest, werden wir einige Cookies einrichten, um deine Anmeldeinformationen und Anzeigeoptionen zu speichern. Anmelde-Cookies verfallen nach zwei Tagen und Cookies f\u00fcr die Anzeigeoptionen nach einem Jahr. Falls du bei der Anmeldung \u201eAngemeldet bleiben\u201c ausw\u00e4hlst, wird deine Anmeldung zwei Wochen lang aufrechterhalten. Mit der Abmeldung aus deinem Konto werden die Anmelde-Cookies gel\u00f6scht.<\/p>\n\n\n\n<h3 class=\"wp-block-heading\">Eingebettete Inhalte von anderen Websites<\/h3>\n\n\n\n<p>Beitr\u00e4ge auf dieser Website k\u00f6nnen eingebettete Inhalte beinhalten (z. B. Videos, Bilder, Beitr\u00e4ge etc.). Eingebettete Inhalte von anderen Websites verhalten sich exakt so, als ob der Besucher die andere Website besucht h\u00e4tte.<\/p>\n\n\n\n<p>Diese Websites k\u00f6nnen Daten \u00fcber dich sammeln, Cookies benutzen, zus\u00e4tzliche Tracking-Dienste von Dritten einbetten und deine Interaktion mit diesem eingebetteten Inhalt aufzeichnen, inklusive deiner Interaktion mit dem eingebetteten Inhalt, falls du ein Konto hast und auf dieser Website angemeldet bist.<\/p>\n\n\n\n<h2 class=\"wp-block-heading\">Wie lange wir deine Daten speichern<\/h2>\n\n\n\n<p>Wenn du einen Kommentar schreibst, wird dieser inklusive Metadaten zeitlich unbegrenzt gespeichert. Auf diese Art k\u00f6nnen wir Folgekommentare automatisch erkennen und freigeben, anstelle sie in einer Moderations-Warteschlange festzuhalten.<\/p>\n\n\n\n<p>F\u00fcr Benutzer, die sich auf unserer Website registrieren, speichern wir zus\u00e4tzlich die pers\u00f6nlichen Informationen, die sie in ihren Benutzerprofilen angeben. Alle Benutzer k\u00f6nnen jederzeit ihre pers\u00f6nlichen Informationen einsehen, ver\u00e4ndern oder l\u00f6schen (der Benutzername kann nicht ver\u00e4ndert werden). Administratoren der Website k\u00f6nnen diese Informationen ebenfalls einsehen und ver\u00e4ndern.<\/p>\n\n\n\n<h2 class=\"wp-block-heading\">Welche Rechte du an deinen Daten hast<\/h2>\n\n\n\n<p>Wenn du ein Konto auf dieser Website besitzt oder Kommentare geschrieben hast, kannst du einen Export deiner personenbezogenen Daten bei uns anfordern, inklusive aller Daten, die du uns mitgeteilt hast. Dar\u00fcber hinaus kannst du die L\u00f6schung aller personenbezogenen Daten, die wir von dir gespeichert haben, anfordern. Dies umfasst nicht die Daten, die wir aufgrund administrativer, rechtlicher oder sicherheitsrelevanter Notwendigkeiten aufbewahren m\u00fcssen.<\/p>\n\n\n\n<h2 class=\"wp-block-heading\">Wohin wir deine Daten senden<\/h2>\n\n\n\n<p>Besucher-Kommentare werden von einem automatisierten Dienst zur Spam-Erkennung untersucht (siehe Plugin Antispam Bee)&nbsp;.<\/p>\n\n\n\n<h2 class=\"wp-block-heading\">Verwendete Plugins<\/h2>\n\n\n\n<h3 class=\"wp-block-heading\">Plugin:&nbsp;Antispam Bee<\/h3>\n\n\n\n<p>Antispam Bee is developed in Europe. You might have heard we can be a bit nitpicky over here when it comes to privacy. The plugin does not save private user data and is 100% compliant with GDPR.<\/p>\n\n\n\n<h3 class=\"wp-block-heading\">Plugin: Smush<\/h3>\n\n\n\n<p>Note: Smush does not interact with end users on your website. The only input option Smush has is to a newsletter subscription for site admins only. If you would like to notify your users of this in your privacy policy, you can use the information below.<\/p>\n\n\n\n<p>Smush sends images to the WPMU DEV servers to optimize them for web use. This includes the transfer of EXIF data. The EXIF data will either be stripped or returned as it is. It is not stored on the WPMU DEV servers.<\/p>\n\n\n\n<p>Smush uses a third-party email service (Drip) to send informational emails to the site administrator. The administrator&#8217;s email address is sent to Drip and a cookie is set by the service. Only administrator information is collected by Drip.<\/p>\n\n\n\n<h3 class=\"wp-block-heading\">Plugin:&nbsp;Shariff Wrapper (&#8220;Shariff\u201c-Social-Media-Buttons)<\/h3>\n\n\n\n<p>Wir bieten dir auf unserer Website die M\u00f6glichkeit zur Nutzung von sogenannten \u201eSocial-Media-Buttons\u201c an. Zum Schutz deiner Daten setzen wir bei der Implementierung auf die L\u00f6sung \u201eShariff\u201c. Hierdurch werden diese Buttons auf unserer Seite lediglich als statische Grafik eingebunden, die eine Verlinkung auf die entsprechende Website des Anbieters enth\u00e4lt. Durch das Anklicken der Grafik wirst du somit zu der Website des jeweiligen Anbieters weitergeleitet, genauso wie es auch bei normalen Links funktioniert. Erst beim Aufruf der Website des Anbieters erh\u00e4lt dieser Informationen \u00fcber dich, wie zum Beispiel deine IP-Adresse. Sofern du die Button-Grafiken nicht anklickst, findet keinerlei Datenaustausch statt. Informationen \u00fcber die Erhebung und Verwendung deiner Daten in den sozialen Netzwerken findest du in den jeweiligen Nutzungsbedingungen der entsprechenden Anbieter. Mehr Informationen \u00fcber das Plugin und zur Shariff-L\u00f6sung findest du hier:&nbsp;<a href=\"https:\/\/de.wordpress.org\/plugins\/shariff\/\">https:\/\/de.wordpress.org\/plugins\/shariff\/<\/a><\/p>\n\n\n\n<h3 class=\"wp-block-heading\">Plugin: Jetpack (WordPress.com \/ Automattic) \u2013 Besucherstatistiken<\/h3>\n\n\n\n<p>Wir nutzen Jetpack Stats, einen Analysedienst der Automattic Inc., 60 29th Street #343, San Francisco, CA 94110, USA. Jetpack Stats dient der anonymisierten statistischen Auswertung der Besucherzugriffe (z. B. Seitenaufrufe, Suchbegriffe, Referrer, Ger\u00e4tetypen).<\/p>\n\n\n\n<p>Jetpack Statistiken ben\u00f6tigen keine Cookies.<br>Das bedeutet:<\/p>\n\n\n\n<ul class=\"wp-block-list\">\n<li>Es werden <strong>keine Cookies gesetzt<\/strong><\/li>\n\n\n\n<li>Es findet <strong>kein personalisiertes Tracking<\/strong> statt<\/li>\n\n\n\n<li>Es werden <strong>keine Nutzerprofile<\/strong> erstellt<\/li>\n\n\n\n<li>Die IP-Adresse wird <strong>vor der Verarbeitung anonymisiert<\/strong><\/li>\n<\/ul>\n\n\n\n<p>Verarbeitete Daten umfassen u. a.:<\/p>\n\n\n\n<ul class=\"wp-block-list\">\n<li>anonymisierte IP-Adresse<\/li>\n\n\n\n<li>aufgerufene Seiten<\/li>\n\n\n\n<li>Datum und Uhrzeit des Abrufs<\/li>\n\n\n\n<li>Browsertyp und Ger\u00e4tetyp<\/li>\n\n\n\n<li>Referrer (z. B. Google)<\/li>\n<\/ul>\n\n\n\n<p>Die Verarbeitung erfolgt auf Grundlage von Art. 6 Abs. 1 lit. f DSGVO (berechtigtes Interesse an der Optimierung unseres Webangebots).<\/p>\n\n\n\n<p>Wir haben mit Automattic ein Data Processing Addendum (AVV) gem\u00e4\u00df Art. 28 DSGVO abgeschlossen.<\/p>\n\n\n\n<p>Weitere Informationen:<br><a href=\"https:\/\/automattic.com\/privacy\/\">https:\/\/automattic.com\/privacy\/<\/a><br><a href=\"https:\/\/jetpack.com\/support\/privacy\/\">https:\/\/jetpack.com\/support\/privacy\/<\/a><\/p>\n\n\n\n<h3 class=\"wp-block-heading\">\u00dcbermittlung in Drittl\u00e4nder<\/h3>\n\n\n\n<p>Im Rahmen des Jetpack-Dienstes kann es zu einer \u00dcbermittlung anonymisierter Daten an Server in den USA kommen. Die \u00dcbermittlung erfolgt auf Grundlage der Standardvertragsklauseln (SCC) der Europ\u00e4ischen Kommission gem\u00e4\u00df Art. 46 DSGVO.<\/p>\n\n\n\n<h2 class=\"wp-block-heading\">Hinweis bzgl. unverlangte Zusendung von Werbeinformationen (Spam)<\/h2>\n\n\n\n<p>Der Nutzung von im Rahmen der Impressumspflicht ver\u00f6ffentlichten Kontaktdaten durch Dritte zur \u00dcbersendung von nicht ausdr\u00fccklich angeforderter Werbung und Informationsmaterialien wird hiermit ausdr\u00fccklich widersprochen. Die Betreiber der Seiten behalten sich ausdr\u00fccklich rechtliche Schritte im Falle der unverlangten Zusendung von Werbeinformationen, etwa durch Spam-Mails, vor.<\/p>\n","protected":false},"excerpt":{"rendered":"<p>Wer wir sind Die Adresse unserer Website ist: https:\/\/www.projekt-kirche.de. Den verantwortlichen Anbieter dieser Website im datenschutzrechtlichen Sinne kannst du dem&nbsp;Impressum entnehmen. Allgemeine Hinweise Die Nutzung unserer Webseite ist in der Regel ohne Angabe personenbezogener Daten m\u00f6glich. Soweit auf unseren Seiten personenbezogene Daten (beispielsweise Name, Anschrift oder eMail-Adressen) erhoben werden, erfolgt dies, soweit m\u00f6glich, stets auf [&hellip;]<\/p>\n","protected":false},"author":1,"featured_media":0,"parent":0,"menu_order":0,"comment_status":"closed","ping_status":"closed","template":"","meta":{"jetpack_post_was_ever_published":false,"footnotes":""},"class_list":["post-5489","page","type-page","status-publish","hentry"],"jetpack_shortlink":"https:\/\/wp.me\/P4Sdv6-1qx","jetpack_sharing_enabled":true,"_links":{"self":[{"href":"https:\/\/www.projekt-kirche.de\/index.php?rest_route=\/wp\/v2\/pages\/5489","targetHints":{"allow":["GET"]}}],"collection":[{"href":"https:\/\/www.projekt-kirche.de\/index.php?rest_route=\/wp\/v2\/pages"}],"about":[{"href":"https:\/\/www.projekt-kirche.de\/index.php?rest_route=\/wp\/v2\/types\/page"}],"author":[{"embeddable":true,"href":"https:\/\/www.projekt-kirche.de\/index.php?rest_route=\/wp\/v2\/users\/1"}],"replies":[{"embeddable":true,"href":"https:\/\/www.projekt-kirche.de\/index.php?rest_route=%2Fwp%2Fv2%2Fcomments&post=5489"}],"version-history":[{"count":11,"href":"https:\/\/www.projekt-kirche.de\/index.php?rest_route=\/wp\/v2\/pages\/5489\/revisions"}],"predecessor-version":[{"id":10491,"href":"https:\/\/www.projekt-kirche.de\/index.php?rest_route=\/wp\/v2\/pages\/5489\/revisions\/10491"}],"wp:attachment":[{"href":"https:\/\/www.projekt-kirche.de\/index.php?rest_route=%2Fwp%2Fv2%2Fmedia&parent=5489"}],"curies":[{"name":"wp","href":"https:\/\/api.w.org\/{rel}","templated":true}]}}