{"id":7392,"date":"2020-04-12T21:25:49","date_gmt":"2020-04-12T19:25:49","guid":{"rendered":"https:\/\/www.projekt-kirche.de\/?page_id=7392"},"modified":"2020-05-10T18:53:02","modified_gmt":"2020-05-10T16:53:02","slug":"gott-suchen-tag-1","status":"publish","type":"page","link":"https:\/\/www.projekt-kirche.de\/?page_id=7392","title":{"rendered":"1. Gott suchen"},"content":{"rendered":"<div class=\"shariff\" data-title=\"1. Gott suchen\" data-info-url=\"http:\/\/ct.de\/-2467514\" data-backend-url=\"https:\/\/www.projekt-kirche.de\/wp-content\/plugins\/shariff-sharing\/backend\/index.php\" data-temp=\"\/tmp\" data-ttl=\"60\" data-service=\"gftr\" data-services='[\"googleplus\",\"facebook\",\"twitter\",\"reddit\",\"info\"]' data-image=\"\" data-url=\"https:\/\/www.projekt-kirche.de\/?page_id=7392\" data-lang=\"de\" data-theme=\"colored\" data-orientation=\"horizontal\"><\/div>\n<p>1. Teil des Basics Bibelkurses (Fortsetzung von der <a href=\"https:\/\/www.projekt-kirche.de\/?page_id=7488\">Einleitung<\/a>). <\/p>\n\n\n\n<h4 class=\"wp-block-heading\">Wonach suchst Du im Leben?<\/h4>\n\n\n\n<p><strong>Paulus in Athen:<\/strong><\/p>\n\n\n\n<div class=\"wp-block-group\"><div class=\"wp-block-group__inner-container is-layout-flow wp-block-group-is-layout-flow\">\n<blockquote class=\"wp-block-quote\"><p>16&nbsp;W\u00e4hrend Paulus in Athen auf sie wartete, war er ersch\u00fcttert \u00fcber die vielen G\u00f6tzen, die er \u00fcberall in der Stadt sah. 17&nbsp;Er ging in die Synagoge, um mit den Juden und den gottesf\u00fcrchtigen Nichtjuden zu reden, und sprach au\u00dferdem t\u00e4glich auf dem Marktplatz zu allen, die sich gerade dort aufhielten. 18&nbsp;Auch mit einigen Philosophen &#8211; Epikureern und Stoikern &#8211; kam er ins Gespr\u00e4ch. Als er ihnen von Jesus und von der Auferstehung erz\u00e4hlte, meinten einige von ihnen: \u00bbWas f\u00fcr seltsame Ideen hat dieser Schw\u00e4tzer.\u00ab Andere sagten: \u00bbEr verbreitet irgendeine fremde Religion.\u00ab 19&nbsp;Dann f\u00fchrten sie ihn vor den Rat der Philosophen<span class=\"tooltips \" style=\"\" title=\"Griech. Areopag.\">*<\/span>. \u00bbKomm und erz\u00e4hle uns mehr von dieser neuen Religion\u00ab, sagten sie. 20&nbsp;\u00bbDu sprichst von vielem, wovon wir noch nie geh\u00f6rt haben, und wir wollen wissen, was es damit auf sich hat.\u00ab 21&nbsp;Die Athener und auch die Fremden, die sich in Athen aufhielten, verbrachten ihre Zeit vor allem damit, die neuesten Ideen zu h\u00f6ren und dar\u00fcber zu reden. 22&nbsp;Als Paulus nun vor dem Rat stand, rief er: \u00bbM\u00e4nner von Athen, ich habe bemerkt, dass ihr den G\u00f6ttern besonders zugewandt seid, 23&nbsp;denn als ich umherging, sah ich eure vielen Alt\u00e4re. Einer davon trug die Inschrift: &#8216;Dem unbekannten Gott&#8217;. Ihr habt ihn angebetet, ohne zu wissen, wer er ist, und nun m\u00f6chte ich euch von ihm erz\u00e4hlen. 24&nbsp;Er ist der Gott, der die Welt und alles, was darin ist, erschuf. Weil er der Herr \u00fcber Himmel und Erde ist, wohnt er nicht in Tempeln, die Menschen erbaut haben. 25&nbsp;Er braucht keine Hilfe von Menschen. Er selbst gibt allem, was ist, Leben und Atem, und er stillt jedes Bed\u00fcrfnis, das ein Mensch haben kann. 26&nbsp;Aus einem einzigen Menschen hat er alle V\u00f6lker der ganzen Welt hervorgebracht. Er hat im Voraus festgelegt, welche aufsteigen und welche st\u00fcrzen sollten, und er hat ihre Grenzen festgelegt. 27&nbsp;Von Anfang an war es sein Plan, dass die V\u00f6lker Gott suchen und auf ihn aufmerksam werden sollten und ihn finden w\u00fcrden &#8211; denn er ist keinem von uns fern. 28&nbsp;In ihm leben, handeln und sind wir. Wie einer eurer eigenen Dichter gesagt hat: `Wir sind seine Nachkommen.\u00b4 29&nbsp;Deshalb sollten wir uns Gott nicht als G\u00f6tzenbild vorstellen, das Kunsthandwerker aus Silber, Gold oder Stein anfertigen. 30&nbsp;Bis jetzt hat Gott \u00fcber die Unwissenheit der Menschen hinweggesehen, doch nun gebietet er den Menschen auf der ganzen Welt, sich von den G\u00f6tzen abzukehren und sich ihm zuzuwenden.<span class=\"tooltips \" style=\"\" title=\"Griech. \u00fcberall Bu\u00dfe zu tun.\">*<\/span> 31&nbsp;Denn er hat einen Tag festgesetzt, an dem er die Welt gerecht richten wird, und zwar durch den Mann, den er dazu bestimmt hat. Und er hat allen bewiesen, wer dieser Mann ist, indem er ihn von den Toten auferweckte.\u00ab<\/p><cite><a href=\"https:\/\/www.bibleserver.com\/NLB\/Apostelgeschichte17%2C16-31\" class=\"bibleserver extern\" target=\"_blank\" rel=\"noopener noreferrer\">Apostelgeschichte 17,16-31<\/a> (NLB)<\/cite><\/blockquote>\n<\/div><\/div>\n\n\n\n<p><em>Erkennst du die Situation in Athen und die \u00c4hnlichkeiten mit einer Gro\u00dfstadt heutzutage?<\/em><\/p>\n\n\n\n<p><em>Warum hat Gott dich geschaffen und in dieser Zeit an diesen Ort gestellt?<\/em> &#8211; Damit du ihn suchen und eine pers\u00f6nliche Beziehung mit ihm haben kannst.<\/p>\n\n\n\n<p><em>Warum suchen heute so wenige Leute nach Gott?<\/em><\/p>\n\n\n\n<p><em><a href=\"https:\/\/www.bibleserver.com\/NLB\/Apostelgeschichte17%2C23\">Vers 23<\/a>:<\/em> <strong>Gott ist unbekannt<\/strong> und auch die Vorstellungen, die man sich von Gott macht, sind v\u00f6llig verkehrt. Niemand m\u00f6chte einen solchen Gott! Wir haben uns <strong>unsere eigenen G\u00f6tter <\/strong>geschaffen; wir beten alle etwas an (\u00fcberlege, welcher Sache in deinem Leben du die meiste Zeit einr\u00e4umst)<\/p>\n\n\n\n<p><em><a href=\"https:\/\/www.bibleserver.com\/NLB\/Apostelgeschichte17%2C24-26\">Verse 24-26<\/a>:<\/em> Wir m\u00fcssen unsere Vorstellung von Gott \u00e4ndern, er ist z.B. pers\u00f6nlich, m\u00e4chtig, etc.<\/p>\n\n\n\n<p><em><a href=\"https:\/\/www.bibleserver.com\/NLB\/Apostelgeschichte17%2C27-31\">Verse 27-31<\/a>:<\/em> Es gibt nichts, was wichtiger w\u00e4re oder sich damit vergleichen lie\u00dfe, Gott, unseren Sch\u00f6pfer, zu kennen.<\/p>\n\n\n\n<p><strong>Gottes Versprechen (Verhei\u00dfung):<\/strong><\/p>\n\n\n\n<blockquote class=\"wp-block-quote is-layout-flow wp-block-quote-is-layout-flow\"><p>11\u00a0Denn ich wei\u00df genau, welche Pl\u00e4ne ich f\u00fcr euch gefasst habe&#8217;, spricht der Herr. &#8216;Mein Plan ist, euch Heil zu geben und kein Leid. Ich gebe euch Zukunft und Hoffnung. 12\u00a0Wenn ihr dann zu mir rufen werdet, will ich euch antworten; wenn ihr zu mir betet, will ich euch erh\u00f6ren. 13\u00a0Wenn ihr mich sucht, werdet ihr mich finden; ja, wenn ihr ernsthaft, mit ganzem Herzen nach mir verlangt, 14\u00a0werde ich mich von euch finden lassen&#8217;, spricht der Herr. &#8216;Ich will euer Geschick wenden und euch aus allen V\u00f6lkern und von allen Orten, wohin ich euch vertrieben habe, zusammenbringen&#8217;, spricht der Herr. &#8216;Ich will euch wieder dorthin zur\u00fcckbringen, von wo ich euch fortgejagt habe.&#8217;<\/p><cite><a href=\"https:\/\/www.bibleserver.com\/NLB\/Jeremia29%2C11-14\" class=\"bibleserver extern\" target=\"_blank\" rel=\"noopener noreferrer\">Jeremia 29, 11-14<\/a> <\/a>(NLB)<\/a><\/cite><\/blockquote>\n\n\n\n<p><em>Hast du schon mal etwas von ganzem Herzen getan?<\/em><\/p>\n\n\n\n<p>Wir werden Gott finden, wenn wir ihn <strong>von ganzem Herzen<\/strong> suchen.<\/p>\n\n\n\n<p><em>Beispiel:<\/em> Stelle dir vor, du verlierst in deinem Schlafzimmer einen 5-kar\u00e4tigen Diamanten. Du wirst sofort das Zimmer abschlie\u00dfen und alles absuchen (zur Not alles auf den Kopf stellen). Du wirst nicht eher ruhen, bis du ihn gefunden hast. <\/p>\n\n\n\n<p><strong>Das Wertvollste im Leben ist eine Beziehung zu Gott<\/strong>.<\/p>\n\n\n\n<p><em>Mit welchem Herzen suchst du Gott?<\/em><\/p>\n\n\n\n<h4 class=\"wp-block-heading\">Beispiele von Menschen, die Gott suchen<\/h4>\n\n\n\n<p><strong>Der Schatzmeister (K\u00e4mmerer):<\/strong><\/p>\n\n\n\n<blockquote class=\"wp-block-quote\"><p>26&nbsp;Zu Philippus aber sagte ein Engel des Herrn: \u00bbGeh nach S\u00fcden<span class=\"tooltips \" style=\"\" title=\"O. gegen Mittag.\">*<\/span> auf der einsamen Stra\u00dfe, die von Jerusalem nach Gaza f\u00fchrt.\u00ab 27&nbsp;Philippus ging und begegnete auf dem Weg dem Schatzmeister \u00c4thiopiens, einem Eunuchen der \u00e4thiopischen K\u00f6nigin<span class=\"tooltips \" style=\"\" title=\"Griech. unter Kandake, der K\u00f6nigin \u00c4thiopiens.\">*<\/span>, der gro\u00dfen Einfluss hatte. Er war nach Jerusalem gekommen, um dort anzubeten, 28&nbsp;und befand sich nun auf dem Heimweg. Er sa\u00df in seinem Wagen und las im Buch des Propheten Jesaja. 29&nbsp;Der Heilige Geist sagte zu Philippus: \u00bbLauf hin\u00fcber und geh neben dem Wagen her.\u00ab 30&nbsp;Da lief Philippus hin und h\u00f6rte, wie der Mann aus dem Propheten Jesaja las. Er fragte ihn: \u00bbVerstehst du auch, was du da liest?\u00ab 31&nbsp;Der Mann erwiderte: \u00bbWie soll ich es verstehen, wenn es mir niemand erkl\u00e4rt?\u00ab Und er bat Philippus, einzusteigen und sich neben ihn zu setzen. 32&nbsp;Er hatte gerade folgende Schriftstelle gelesen: \u00bbEr wurde wie ein Schaf zum Schlachten gef\u00fchrt. Und wie ein Lamm vor dem Scherer verstummt, so machte er den Mund nicht auf. 33&nbsp;Er wurde gedem\u00fctigt und erfuhr kein gerechtes Urteil. Wer kann von seinen Nachkommen sprechen? Denn sein Leben wurde von der Erde fortgenommen.\u00ab<span class=\"tooltips \" style=\"\" title=\"&lt;a href=&quot;https:\/\/www.bibleserver.com\/NLB\/Jesaja53%2C7-8&quot; class=&quot;bibleserver extern&quot; target=&quot;_blank&quot; rel=&quot;noopener noreferrer&quot;&gt;Jesaja 53,7-8&lt;\/a&gt;.\">*<\/span> 34&nbsp;Der Hofbeamte fragte Philippus: \u00bbVon wem spricht der Prophet? Von sich selbst oder von jemand anderem?\u00ab 35&nbsp;Da begann Philippus bei dieser Schriftstelle und erkl\u00e4rte ihm die gute Botschaft von Jesus. 36-37&nbsp;Unterwegs kamen sie an einem Gew\u00e4sser vorbei, und der Hofbeamte meinte: \u00bbSieh, da ist Wasser! Kann ich mich nicht hier taufen lassen?\u00ab<span class=\"tooltips \" style=\"\" title=\"In manchen Handschriften folgt hier Vers 37: \u00bbDas kannst du\u00ab, antwortete Philippus, \u00bbwenn du von ganzem Herzen glaubst.\u00ab Und der Hofbeamte erwiderte: \u00bbIch glaube, dass Jesus Christus der Sohn Gottes ist.\u00ab\">*<\/span> 38&nbsp;Er lie\u00df den Wagen anhalten. Sie stiegen in das Wasser, und Philippus taufte ihn. 39&nbsp;Als sie wieder aus dem Wasser herauskamen, nahm der Geist Gottes Philippus fort und der Hofbeamte sah ihn nicht mehr. Aber er setzte seine Reise voller Freude fort. 40&nbsp;Philippus fand sich in der Stadt Aschdod wieder. Er verk\u00fcndete die Botschaft Gottes dort und in jeder Stadt auf dem Weg, bis er nach C\u00e4sarea kam.<\/p><cite><a href=\"https:\/\/www.bibleserver.com\/NLB\/Apostelgeschichte8%2C26-40\" class=\"bibleserver extern\" target=\"_blank\" rel=\"noopener noreferrer\">Apostelgeschichte 8,26-40<\/a> (NLB)<\/cite><\/blockquote>\n\n\n\n<p><em>Was beschreibt den Schatzmeister (K\u00e4mmerer)?<\/em><\/p>\n\n\n\n<ul class=\"wp-block-list\"><li>ein sehr wichtiger und vermutlich viel besch\u00e4ftigter Mann<\/li><li>findet dennoch Zeit f\u00fcr Gott (Reise nach Jerusalem)<\/li><li>ergreift Initiative und liest die Bibel<\/li><li>versteht nicht alles und fragt deshalb um Hilfe<\/li><li>trifft eine Entscheidung aufgrund dessen, was er gelernt hat<\/li><li>handelt nach seiner Entscheidung<\/li><li>ist fr\u00f6hlich und gl\u00fccklich, weil er Gott kennen gelernt hat<\/li><\/ul>\n\n\n\n<p><strong>Die Einwohner von Ber\u00f6\u00e4:<\/strong><\/p>\n\n\n\n<blockquote class=\"wp-block-quote is-layout-flow wp-block-quote-is-layout-flow\"><p>10\u00a0Noch in derselben Nacht schickten die Gl\u00e4ubigen Paulus und Silas nach Ber\u00f6a. Als sie dort ankamen, gingen sie in die Synagoge. 11\u00a0Die Einwohner Ber\u00f6as waren offener als die Leute in Thessalonich und h\u00f6rten die Botschaft Gottes mit Interesse an. Tag f\u00fcr Tag forschten sie in den Schriften nach, um zu pr\u00fcfen, ob Paulus und Silas tats\u00e4chlich die Wahrheit lehrten. 12\u00a0Die Folge war, dass viele Juden und viele vornehme griechische Frauen und M\u00e4nner zum Glauben fanden.<\/p><cite><a href=\"https:\/\/www.bibleserver.com\/NLB\/Apostelgeschichte17%2C10-12\" class=\"bibleserver extern\" target=\"_blank\" rel=\"noopener noreferrer\">Apostelgeschichte 17,10-12<\/a> <\/a>(NLB)<\/a><\/cite><\/blockquote>\n\n\n\n<p><em>Was beschreibt die Leute aus Ber\u00f6a?<\/em><\/p>\n\n\n\n<ul class=\"wp-block-list\"><li>freundlicher Charakter und offen f\u00fcr die Botschaft Gottes<\/li><li>forschten t\u00e4glich in den Schriften; ihnen war ihre pers\u00f6nliche Suche offenbar wichtig und wertvoll<\/li><\/ul>\n\n\n\n<h4 class=\"wp-block-heading\">Wo sollen wir anfangen Gott zu suchen?<\/h4>\n\n\n\n<blockquote class=\"wp-block-quote\"><p>Niemand hat Gott je gesehen. Doch sein einziger Sohn, der selbst Gott ist <span class=\"tooltips \" style=\"\" title=\"&amp;#8217;In\"><\/em>, ist dem Herzen des Vaters ganz nahe; er hat uns von ihm erz\u00e4hlt.<\/p><cite><a href=\"https:\/\/www.bibleserver.com\/NLB\/Johannes1%2C18\" class=\"bibleserver extern\" target=\"_blank\" rel=\"noopener noreferrer\">Johannes 1,18<\/a> (NLB)<\/cite><\/blockquote>\n\n\n\n<p><em>Wo sollen wir anfangen?<\/em><\/p>\n\n\n\n<p>Bei Jesus, denn <strong>durch Jesus k\u00f6nnen wir Gott kennen lernen<\/strong>.<br \/>In dem Umfang, indem du Jesus kennst, wirst du auch Gott kennen lernen k\u00f6nnen.<\/p>\n\n\n\n<blockquote class=\"wp-block-quote is-layout-flow wp-block-quote-is-layout-flow\"><p>30&nbsp;Die J\u00fcnger sahen, wie Jesus noch viele andere Wunder tat, die nicht in diesem Buch aufgezeichnet sind. 31&nbsp;Diese aber wurden aufgeschrieben, damit ihr glaubt<span class=\"tooltips \" style=\"\" title=\"In einigen Handschriften steht damit ihr weiterhin glaubt.\"><\/span>*<\/span>, dass Jesus der Christus ist, der Sohn Gottes, und damit ihr durch den Glauben an ihn in seinem Namen das ewige Leben habt.<\/p><cite><a href=\"https:\/\/www.bibleserver.com\/NLB\/Johannes20%2C30-31\" class=\"bibleserver extern\" target=\"_blank\" rel=\"noopener noreferrer\">Johannes 20,30-31<\/a> <\/a>(NLB)<\/cite><\/blockquote>\n\n\n\n<p><em>Anmerkung: Johannes war Augenzeuge<\/em><\/p>\n\n\n\n<p>Alles wurde aufgeschrieben, damit wir Glauben an Jesus haben.<br \/>Das Ziel ist jetzt das wahre und sp\u00e4ter das ewige Leben zu haben.<\/p>\n\n\n\n<p>Das Wort Gottes hat die Kraft, Glauben zu erzeugen.<br \/>(Beispiel: eine Eichel hat die Kraft, eine riesige Eiche hervorzubringen.)<\/p>\n\n\n\n<h4 class=\"wp-block-heading\"><strong>Empfehlung f\u00fcr eine pers\u00f6nliche Entscheidung:<\/strong><\/h4>\n\n\n\n<ul class=\"wp-block-list\"><li>Ich werde weiter in der Bibel lesen <br \/>(Vorschlag: im Johannes- oder Markusevangelium weiterlesen)<\/li><li>Ich werde christliche Veranstaltungen besuchen<br \/>(z.B. Bibelkreistreffen, Gottesdienste in der N\u00e4he meines Wohnorts)<\/li><\/ul>\n\n\n\n<p><a href=\"https:\/\/www.projekt-kirche.de\/?page_id=7579\">Zum 2. Teil des Basics Bibelkurses (Jesus)<\/a> <\/p>\n","protected":false},"excerpt":{"rendered":"<p>1. Teil des Basics Bibelkurses (Fortsetzung von der Einleitung). Wonach suchst Du im Leben? Paulus in Athen: 16&nbsp;W\u00e4hrend Paulus in Athen auf sie wartete, war er ersch\u00fcttert \u00fcber die vielen G\u00f6tzen, die er \u00fcberall in der Stadt sah. 17&nbsp;Er ging in die Synagoge, um mit den Juden und den gottesf\u00fcrchtigen Nichtjuden zu reden, und sprach [&hellip;]<\/p>\n","protected":false},"author":1,"featured_media":0,"parent":0,"menu_order":0,"comment_status":"closed","ping_status":"closed","template":"","meta":{"jetpack_post_was_ever_published":false,"footnotes":""},"class_list":["post-7392","page","type-page","status-publish","hentry"],"jetpack_shortlink":"https:\/\/wp.me\/P4Sdv6-1Ve","jetpack_sharing_enabled":true,"_links":{"self":[{"href":"https:\/\/www.projekt-kirche.de\/index.php?rest_route=\/wp\/v2\/pages\/7392","targetHints":{"allow":["GET"]}}],"collection":[{"href":"https:\/\/www.projekt-kirche.de\/index.php?rest_route=\/wp\/v2\/pages"}],"about":[{"href":"https:\/\/www.projekt-kirche.de\/index.php?rest_route=\/wp\/v2\/types\/page"}],"author":[{"embeddable":true,"href":"https:\/\/www.projekt-kirche.de\/index.php?rest_route=\/wp\/v2\/users\/1"}],"replies":[{"embeddable":true,"href":"https:\/\/www.projekt-kirche.de\/index.php?rest_route=%2Fwp%2Fv2%2Fcomments&post=7392"}],"version-history":[{"count":82,"href":"https:\/\/www.projekt-kirche.de\/index.php?rest_route=\/wp\/v2\/pages\/7392\/revisions"}],"predecessor-version":[{"id":8631,"href":"https:\/\/www.projekt-kirche.de\/index.php?rest_route=\/wp\/v2\/pages\/7392\/revisions\/8631"}],"wp:attachment":[{"href":"https:\/\/www.projekt-kirche.de\/index.php?rest_route=%2Fwp%2Fv2%2Fmedia&parent=7392"}],"curies":[{"name":"wp","href":"https:\/\/api.w.org\/{rel}","templated":true}]}}