{"id":7488,"date":"2020-04-13T18:35:02","date_gmt":"2020-04-13T16:35:02","guid":{"rendered":"https:\/\/www.projekt-kirche.de\/?page_id=7488"},"modified":"2020-05-10T18:44:59","modified_gmt":"2020-05-10T16:44:59","slug":"basics-bibelkurs","status":"publish","type":"page","link":"https:\/\/www.projekt-kirche.de\/?page_id=7488","title":{"rendered":"Basics Bibelkurs"},"content":{"rendered":"<div class=\"shariff\" data-title=\"Basics Bibelkurs\" data-info-url=\"http:\/\/ct.de\/-2467514\" data-backend-url=\"https:\/\/www.projekt-kirche.de\/wp-content\/plugins\/shariff-sharing\/backend\/index.php\" data-temp=\"\/tmp\" data-ttl=\"60\" data-service=\"gftr\" data-services='[\"googleplus\",\"facebook\",\"twitter\",\"reddit\",\"info\"]' data-image=\"\" data-url=\"https:\/\/www.projekt-kirche.de\/?page_id=7488\" data-lang=\"de\" data-theme=\"colored\" data-orientation=\"horizontal\"><\/div>\n<p>Der <strong>Basics Bibelkurs<\/strong> basiert auf dem Leitfaden &#8220;Grundlagen aus der Bibel&#8221; der <a href=\"http:\/\/www.igchristi.org\/\">Internationalen Gemeinden Christi <\/a>aus dem Jahr 1997, durch den ich vor vielen Jahren zum vertieften Glauben an Jesu Christus gefunden habe (heute aber nicht mehr Mitglied dieser Freikirche bin, siehe <a href=\"https:\/\/www.projekt-kirche.de\/?page_id=2880\">Mein Glaubensweg<\/a>). <\/p>\n\n\n\n<p>Ich habe ihn dahingehend \u00fcberarbeitet (und teils gek\u00fcrzt und teils erg\u00e4nzt), dass alle fr\u00fcheren berechtigten Kritikpunkte (siehe z.B. <a href=\"http:\/\/www.relinfo.ch\/icoc\/bibelstudium.html\">Relinfo: ICOC-Bibelstudium<\/a>) bereinigt wurden und er zudem weitgehend konform zum katholischen (und evangelischen) Glauben ist.<\/p>\n\n\n\n<p>Das Format mit dem Schwerpunkt auf den pers\u00f6nlichen Glauben und entsprechender Entscheidungen am Ende jeder Einheit habe ich weitgehend so belassen. Denn ohne praktische Umsetzung wird der Glaube letztendlich tot bleiben wird.<\/p>\n\n\n\n<p>Im Folgenden gebe ich das Vorwort der &#8220;Grundlagen aus der Bibel&#8221; w\u00f6rtlich wieder, weil es (immer noch) sehr gut ausdr\u00fcckt, was die Motivation und das Ziel dieses Bibelkurses ist (ich empfehle \u00fcbrigens auch noch erg\u00e4nzend die &#8220;Neues Leben Bibel\u00fcbersetzung&#8221; zum Bibelstudium, die ich auch f\u00fcr die im Bibelkurs verwendeten Zitate verwendet habe):<\/p>\n\n\n\n<blockquote class=\"wp-block-quote is-layout-flow wp-block-quote-is-layout-flow\"><p><strong>\u201eGrundlagen aus der Bibel&#8221;<\/strong> ist eine pr\u00e4gnante Zusammenfassung der Botschaft, die unser ewiges Leben bestimmt. Die Bibel ist Gottes Liebesbrief an die Menschen und l\u00e4sst sich auch ohne Theologiestudium verstehen.<\/p><p><strong>\u201eGrundlagen aus der Bibel&#8221; <\/strong>soll den Weg zum \u201eLeben als Christ&#8221; aufzeigen; f\u00fcr alle, die Jesus noch nicht kennen und auch f\u00fcr alle, die schon eine Entscheidung getroffen haben, zur Erinnerung und Ermutigung. Dieses Heft soll als Leitfaden und Entscheidungshilfe dienen, ersetzt jedoch nicht das eigenst\u00e4ndige Lesen und Ausstudieren individueller Anliegen in der Bibel, da vielfach Bed\u00fcrfnisse und Fragen auftreten werden, die hier nicht abgedeckt sind.<\/p><p>Obwohl die folgenden Schriftstellen deutlich sind und f\u00fcr sich alleine sprechen, wird die Gruppendiskussion empfohlen. Ein tieferes Verst\u00e4ndnis wird dadurch m\u00f6glich sein und die Erfahrung anderer kann wertvolle Hilfe und Anregung bei der Anwendung f\u00fcr das eigene Leben geben.<\/p><p>Zum Durcharbeiten dieses Heftes wird die Benutzung einer allgemein anerkannten \u00dcbersetzung, wie z.B. Luther-Bibel, Einheits\u00fcbersetzung, Elberfelder-Bibel, empfohlen.<\/p><p>Es ist unser Gebet, dass jeder ernsthafte Leser Gottes unmissverst\u00e4ndliche Botschaft kennen lernt, Gott lieben und sein Leben nach dem Wort des Sch\u00f6pfers ausrichten m\u00f6chte.<\/p><cite>aus dem Vorwort der &#8220;Grundlagen aus der Bibel&#8221; der INTERNATIONALEN GEMEINDEN CHRISTI IM DEUTSCHSPRACHIGEN EUROPA (Berlin, D\u00fcsseldorf, M\u00fcnchen, Wien, Z\u00fcrich im Februar 1997)<\/cite><\/blockquote>\n\n\n\n<p>Zum ersten Teil des Bibelkurses: &#8220;<a href=\"https:\/\/www.projekt-kirche.de\/?page_id=7392\">Gott suchen<\/a>&#8221; <\/p>\n\n\n\n<hr class=\"wp-block-separator\"\/>\n\n\n\n<p>Einen alternativen (aber leider unvollendeten) <a href=\"https:\/\/bibelkommentar.wordpress.com\/2008\/10\/13\/bibelworkshop-auf-der-suche-nach-gott\/\">Bibelworkshop &#8220;Auf der Suche nach Gott&#8221;<\/a> findest Du \u00fcbrigens auf meinem alten Bibelkommentar-Blog <a href=\"https:\/\/bibelkommentar.wordpress.com\/\">Bibelkommentar &#8211; Die Bibel erkl\u00e4rt<\/a>.<\/p>\n","protected":false},"excerpt":{"rendered":"<p>Der Basics Bibelkurs basiert auf dem Leitfaden &#8220;Grundlagen aus der Bibel&#8221; der Internationalen Gemeinden Christi aus dem Jahr 1997, durch den ich vor vielen Jahren zum vertieften Glauben an Jesu Christus gefunden habe (heute aber nicht mehr Mitglied dieser Freikirche bin, siehe Mein Glaubensweg). Ich habe ihn dahingehend \u00fcberarbeitet (und teils gek\u00fcrzt und teils erg\u00e4nzt), [&hellip;]<\/p>\n","protected":false},"author":1,"featured_media":0,"parent":0,"menu_order":0,"comment_status":"closed","ping_status":"closed","template":"","meta":{"jetpack_post_was_ever_published":false,"footnotes":""},"class_list":["post-7488","page","type-page","status-publish","hentry"],"jetpack_shortlink":"https:\/\/wp.me\/P4Sdv6-1WM","jetpack_sharing_enabled":true,"_links":{"self":[{"href":"https:\/\/www.projekt-kirche.de\/index.php?rest_route=\/wp\/v2\/pages\/7488","targetHints":{"allow":["GET"]}}],"collection":[{"href":"https:\/\/www.projekt-kirche.de\/index.php?rest_route=\/wp\/v2\/pages"}],"about":[{"href":"https:\/\/www.projekt-kirche.de\/index.php?rest_route=\/wp\/v2\/types\/page"}],"author":[{"embeddable":true,"href":"https:\/\/www.projekt-kirche.de\/index.php?rest_route=\/wp\/v2\/users\/1"}],"replies":[{"embeddable":true,"href":"https:\/\/www.projekt-kirche.de\/index.php?rest_route=%2Fwp%2Fv2%2Fcomments&post=7488"}],"version-history":[{"count":35,"href":"https:\/\/www.projekt-kirche.de\/index.php?rest_route=\/wp\/v2\/pages\/7488\/revisions"}],"predecessor-version":[{"id":8630,"href":"https:\/\/www.projekt-kirche.de\/index.php?rest_route=\/wp\/v2\/pages\/7488\/revisions\/8630"}],"wp:attachment":[{"href":"https:\/\/www.projekt-kirche.de\/index.php?rest_route=%2Fwp%2Fv2%2Fmedia&parent=7488"}],"curies":[{"name":"wp","href":"https:\/\/api.w.org\/{rel}","templated":true}]}}