{"id":7579,"date":"2020-04-15T13:54:47","date_gmt":"2020-04-15T11:54:47","guid":{"rendered":"https:\/\/www.projekt-kirche.de\/?page_id=7579"},"modified":"2020-05-10T18:55:19","modified_gmt":"2020-05-10T16:55:19","slug":"2-jesus","status":"publish","type":"page","link":"https:\/\/www.projekt-kirche.de\/?page_id=7579","title":{"rendered":"2. Jesus"},"content":{"rendered":"<div class=\"shariff\" data-title=\"2. Jesus\" data-info-url=\"http:\/\/ct.de\/-2467514\" data-backend-url=\"https:\/\/www.projekt-kirche.de\/wp-content\/plugins\/shariff-sharing\/backend\/index.php\" data-temp=\"\/tmp\" data-ttl=\"60\" data-service=\"gftr\" data-services='[\"googleplus\",\"facebook\",\"twitter\",\"reddit\",\"info\"]' data-image=\"\" data-url=\"https:\/\/www.projekt-kirche.de\/?page_id=7579\" data-lang=\"de\" data-theme=\"colored\" data-orientation=\"horizontal\"><\/div>\n<p>Fortsetzung vom 1. Teil des Basics Bibelkurses (<a href=\"https:\/\/www.projekt-kirche.de\/?page_id=7392\">Gott suchen<\/a>). <\/p>\n\n\n\n<p><a href=\"https:\/\/www.bibleserver.com\/NLB\/Markus1\">Markus-Evangelium Kapitel 1<\/a><\/p>\n\n\n\n<p>Johannes der T\u00e4ufer k\u00fcndigt Jesus an:<\/p>\n\n\n\n<blockquote class=\"wp-block-quote is-layout-flow wp-block-quote-is-layout-flow\"><p>1&nbsp;So beginnt die gute Botschaft von Jesus Christus, dem Sohn Gottes.<span class=\"tooltips \" style=\"\" title=\"In manchen Handschriften fehlt die Wendung Sohn Gottes.\">*<\/span> 2&nbsp;Im Buch des Propheten Jesaja steht: \u00bbSiehe, ich sende meinen Boten vor dir her. Er wird dir den Weg bereiten.<span class=\"tooltips \" style=\"\" title=\"&lt;a href=&quot;https:\/\/www.bibleserver.com\/NLB\/Maleachi3%2C1&quot; class=&quot;bibleserver extern&quot; target=&quot;_blank&quot; rel=&quot;noopener noreferrer&quot;&gt;Maleachi 3,1&lt;\/a&gt;.\">*<\/span> 3&nbsp;Er ist eine Stimme, die in der W\u00fcste ruft: `Schafft Raum f\u00fcr das Kommen des Herrn! Ebnet ihm den Weg!\u00b4<span class=\"tooltips \" style=\"\" title=\"&lt;a href=&quot;https:\/\/www.bibleserver.com\/NLB\/Jesaja40%2C3&quot; class=&quot;bibleserver extern&quot; target=&quot;_blank&quot; rel=&quot;noopener noreferrer&quot;&gt;Jesaja 40,3&lt;\/a&gt;.\">*<\/span>\u00ab 4&nbsp;Dieser Bote war Johannes der T\u00e4ufer. Er lebte in der W\u00fcste und forderte die Menschen auf, sich taufen zu lassen als Zeichen daf\u00fcr, dass sie sich von ihren S\u00fcnden abgekehrt und Gott zugewandt hatten, um Vergebung ihrer S\u00fcnden zu erhalten<span class=\"tooltips \" style=\"\" title=\"Griech. predigte eine Taufe der Bu\u00dfe f\u00fcr die Vergebung der S\u00fcnden.\">*<\/span>. 5&nbsp;Aus ganz Jerusalem und Jud\u00e4a str\u00f6mten die Menschen in die W\u00fcste hinaus, um Johannes zu sehen und zu h\u00f6ren. Und wenn sie ihre S\u00fcnden bekannten, taufte er sie im Jordan. 6&nbsp;Seine Kleider waren aus Kamelhaar gewebt, und er trug einen Lederg\u00fcrtel; seine Nahrung bestand aus Heuschrecken und wildem Honig. 7&nbsp;Er verk\u00fcndete: \u00bbBald wird einer kommen, der st\u00e4rker ist als ich; ich bin nicht einmal wert, sein Diener zu sein<span class=\"tooltips \" style=\"\" title=\"Griech. niederzuknien und ihm die Sandalen umzubinden.\">*<\/span>. 8&nbsp;Ich habe euch nur mit<span class=\"tooltips \" style=\"\" title=\"=. in.\">*<\/span> Wasser getauft, aber er wird euch mit dem Heiligen Geist taufen!\u00ab<\/p><cite><a href=\"https:\/\/www.bibleserver.com\/NLB\/Markus1%2C1-8\" class=\"bibleserver extern\" target=\"_blank\" rel=\"noopener noreferrer\">Markus 1,1-8<\/a> <\/a>(NLB)<\/cite><\/blockquote>\n\n\n\n<p>Jesus l\u00e4sst sich taufen:<\/p>\n\n\n\n<blockquote class=\"wp-block-quote is-layout-flow wp-block-quote-is-layout-flow\"><p>9&nbsp;Eines Tages kam Jesus aus Nazareth in Galil\u00e4a und lie\u00df sich von Johannes im Jordan taufen. 10&nbsp;Als er aus dem Wasser stieg, sah er, wie der Himmel sich \u00f6ffnete und der Heilige Geist wie eine Taube auf ihn herabkam. 11&nbsp;Und aus dem Himmel sprach eine Stimme: \u00bbDu bist mein geliebter Sohn, an dir habe ich gro\u00dfe Freude.\u00ab<\/p><cite><a href=\"https:\/\/www.bibleserver.com\/NLB\/Markus1%2C9-11\" class=\"bibleserver extern\" target=\"_blank\" rel=\"noopener noreferrer\">Markus 1,9-11<\/a> <\/a>(NLB)<\/cite><\/blockquote>\n\n\n\n<p>Jesus wird in Versuchung gef\u00fchrt:<\/p>\n\n\n\n<blockquote class=\"wp-block-quote is-layout-flow wp-block-quote-is-layout-flow\"><p>12&nbsp;Gleich darauf dr\u00e4ngte der Heilige Geist Jesus, in die W\u00fcste zu gehen. 13&nbsp;Vierzig Tage lang wurde er dort vom Satan versucht. Er lebte mitten unter den wilden Tieren, und Engel sorgten f\u00fcr ihn.<\/p><cite><a href=\"https:\/\/www.bibleserver.com\/NLB\/Markus1%2C12-13\" class=\"bibleserver extern\" target=\"_blank\" rel=\"noopener noreferrer\">Markus 1,12-13<\/a> <\/a>(NLB)<\/cite><\/blockquote>\n\n\n\n<p>Die ersten J\u00fcnger:<\/p>\n\n\n\n<blockquote class=\"wp-block-quote is-layout-flow wp-block-quote-is-layout-flow\"><p>14&nbsp;Nachdem Johannes durch Herodes Antipas verhaftet worden war, ging Jesus nach Galil\u00e4a, um dort die Botschaft Gottes zu predigen. 15&nbsp;\u00bbJetzt ist die Zeit gekommen\u00ab, verk\u00fcndete er. \u00bbDas Reich Gottes ist nahe<span class=\"tooltips \" style=\"\" title=\"&amp;#8217;Griech.\"> gekommen.&#8217;]*<\/span>! Kehrt euch ab von euren S\u00fcnden und glaubt an diese gute Botschaft!\u00ab 16&nbsp;Eines Tages, als Jesus am Ufer des Sees Genezareth entlangging, sah er Simon<span class=\"tooltips \" style=\"\" title=\"Simon wird ab 3,16 Petrus genannt.\">*<\/span> und seinen Bruder Andreas. Sie warfen gerade ihr Netz aus, denn sie waren Fischer. 17&nbsp;Jesus rief ihnen zu: \u00bbKommt mit und folgt mir nach. Ich will euch zeigen, wie man Menschen fischt!\u00ab 18&nbsp;Sofort lie\u00dfen sie ihre Netze liegen und folgten ihm nach. 19&nbsp;Nicht weit davon entfernt sah Jesus die S\u00f6hne des Zebed\u00e4us, Jakobus und Johannes. Sie sa\u00dfen in einem Boot und flickten ihre Netze. 20&nbsp;Auch sie forderte er auf, mit ihm zu kommen. Und ohne zu z\u00f6gern lie\u00dfen sie ihren Vater Zebed\u00e4us bei den Tagel\u00f6hnern im Boot zur\u00fcck und gingen mit ihm.<\/p><cite><a href=\"https:\/\/www.bibleserver.com\/NLB\/Markus1%2C14-20\" class=\"bibleserver extern\" target=\"_blank\" rel=\"noopener noreferrer\">MARKUS 1,14-20<\/a> <\/a>(NLB)<\/cite><\/blockquote>\n\n\n\n<p>Jesus treibt einen b\u00f6sen Geist aus:<\/p>\n\n\n\n<blockquote class=\"wp-block-quote is-layout-flow wp-block-quote-is-layout-flow\"><p>21&nbsp;Sie kamen in die Stadt Kapernaum. Am Sabbat ging Jesus in die Synagoge und lehrte dort die Menschen. 22&nbsp;Sie waren von seiner Lehre \u00fcberw\u00e4ltigt, denn er sprach &#8211; anders als die Schriftgelehrten &#8211; mit Vollmacht. 23&nbsp;In der Synagoge war ein Mann, der von einem b\u00f6sen Geist besessen war. 24&nbsp;Er fing an zu rufen: \u00bbWas willst du von uns, Jesus von Nazareth? Bist du gekommen, um uns zu vernichten? Ich wei\u00df, wer du bist &#8211; der Heilige Gottes, den er gesandt hat!\u00ab 25&nbsp;\u00bbSchweig!\u00ab, herrschte Jesus ihn an. \u00bbVerlass diesen Mann.\u00ab 26&nbsp;Da sch\u00fcttelte der b\u00f6se Geist den Mann hin und her, schrie auf und verlie\u00df ihn. 27&nbsp;Staunen erfasste die Zuschauer, und sie redeten untereinander dar\u00fcber. \u00bbWas ist das f\u00fcr eine neue Lehre, die so viel Vollmacht hat?\u00ab, fragten sie einander aufgeregt. \u00bbSogar b\u00f6se Geister gehorchen seinem Befehl!\u00ab 28&nbsp;Und die Nachricht von dem, was Jesus getan hatte, verbreitete sich rasch in ganz Galil\u00e4a.<\/p><cite><a href=\"https:\/\/www.bibleserver.com\/NLB\/Markus1%2C21-28\" class=\"bibleserver extern\" target=\"_blank\" rel=\"noopener noreferrer\">MARKUS 1,21-28<\/a> <\/a>(NLB)<\/cite><\/blockquote>\n\n\n\n<p>Jesus heilt viele Menschen:<\/p>\n\n\n\n<blockquote class=\"wp-block-quote is-layout-flow wp-block-quote-is-layout-flow\"><p>29&nbsp;Nachdem Jesus und seine J\u00fcnger die Synagoge verlassen hatten, gingen sie zum Haus von Simon und Andreas; auch Jakobus und Johannes kamen mit. 30&nbsp;Simons Schwiegermutter war krank und lag mit hohem Fieber im Bett. Sofort erz\u00e4hlten sie Jesus von ihr. 31&nbsp;Er trat an ihr Bett, nahm ihre Hand und half ihr, sich aufzusetzen. Da verschwand das Fieber, und sie stand auf und machte ihnen etwas zu essen. 32&nbsp;Am Abend nach Sonnenuntergang brachte man alle Kranken und von D\u00e4monen besessenen Menschen zu Jesus. 33&nbsp;Vor dem Haus versammelte sich eine gro\u00dfe Menschenmenge, Leute aus ganz Kapernaum waren gekommen. 34&nbsp;Jesus heilte viele Menschen, die an den verschiedensten Krankheiten litten, und befahl vielen D\u00e4monen, ihre Opfer zu verlassen. Den D\u00e4monen verbot er zu sprechen, denn sie wussten, wer er war.<\/p><cite><a href=\"https:\/\/www.bibleserver.com\/NLB\/Markus1%2C29-34\" class=\"bibleserver extern\" target=\"_blank\" rel=\"noopener noreferrer\">MARKUS 1,29-34<\/a> <\/a>(NLB)<\/cite><\/blockquote>\n\n\n\n<p>Jesus predigt in Galil\u00e4a:<\/p>\n\n\n\n<blockquote class=\"wp-block-quote is-layout-flow wp-block-quote-is-layout-flow\"><p>35&nbsp;Ganz fr\u00fch, es war noch Nacht, ging Jesus allein an einen einsamen Ort, um zu beten. 36&nbsp;Sp\u00e4ter suchten ihn Simon und die anderen. 37&nbsp;Als sie ihn gefunden hatten, sagten sie zu ihm: \u00bbAlle fragen nach dir.\u00ab 38&nbsp;Doch er entgegnete: \u00bbWir m\u00fcssen auch in die anderen St\u00e4dte gehen, damit ich auch dort predige; denn dazu bin ich gekommen.\u00ab 39&nbsp;Und so zog er durch das ganze Gebiet von Galil\u00e4a, predigte in den Synagogen und trieb bei vielen Menschen D\u00e4monen aus.<\/p><cite><a href=\"https:\/\/www.bibleserver.com\/NLB\/Markus1%2C35-39\" class=\"bibleserver extern\" target=\"_blank\" rel=\"noopener noreferrer\">MARKUS 1,35-39<\/a> <\/a>(NLB)<\/cite><\/blockquote>\n\n\n\n<p>Jesus heilt einen Auss\u00e4tzigen:<\/p>\n\n\n\n<blockquote class=\"wp-block-quote is-layout-flow wp-block-quote-is-layout-flow\"><p>40&nbsp;Ein Auss\u00e4tziger kam zu Jesus, kniete vor ihm nieder und bat ihn, ihn zu heilen. \u00bbWenn du willst, kannst du mich gesund machen<span class=\"tooltips \" style=\"\" title=\"Griech. reinigen\">*<\/span>\u00ab, sagte er. 41&nbsp;Jesus hatte Mitleid mit ihm<span class=\"tooltips \" style=\"\" title=\"In einigen Handschriften hei\u00dft es Jesus war von Zorn bewegt.\">*<\/span> und ber\u00fchrte ihn. \u00bbIch will es tun\u00ab, sagte er. \u00bbSei gesund!\u00ab<span class=\"tooltips \" style=\"\" title=\"Griech. Werde rein!\">*<\/span> 42&nbsp;Im selben Augenblick verschwand der Aussatz und der Mann war geheilt. 43&nbsp;Daraufhin schickte Jesus ihn sofort weg und befahl ihm: 44&nbsp;\u00bbGeh zum Priester und lass dich von ihm untersuchen. Sprich unterwegs mit niemandem. Nimm das Opfer mit, das Mose f\u00fcr die Heilung von Aussatz vorgeschrieben hat. Das soll f\u00fcr alle ein Beweis deiner Heilung sein.\u00ab 45&nbsp;Doch als der Mann wegging, fing er sofort an, \u00fcberall zu erz\u00e4hlen, was ihm widerfahren war, sodass Jesus sich bald in keiner Stadt mehr \u00f6ffentlich zeigen konnte und sich nur noch an abgeschiedenen Orten aufhielt. Aber auch dort str\u00f6mten die Menschen von \u00fcberall her zu ihm.<\/p><cite><a href=\"https:\/\/www.bibleserver.com\/NLB\/Markus1%2C40-45\" class=\"bibleserver extern\" target=\"_blank\" rel=\"noopener noreferrer\">MARKUS 1,40-45<\/a> <\/a>(NLB)<\/cite><\/blockquote>\n\n\n\n<ul class=\"wp-block-list\" type=\"1\"><li><em><a href=\"https:\/\/www.bibleserver.com\/NLB\/Markus1%2C1-11\">Verse 1-11<\/a>:<\/em> Jesus ist der Sohn Gottes; die Prophezeiung aus Jesaja (<a href=\"https:\/\/www.bibleserver.com\/NLB\/Markus1%2C2\">Vers 2<\/a>) geschah 750 v. Chr. und ist ein Beweis f\u00fcr Gottes Plan, Jesus in diese Welt zu senden.<\/li><li><em><a href=\"https:\/\/www.bibleserver.com\/NLB\/Markus1%2C12-13\">Verse 12-13<\/a>: <\/em>Er wurde wie wir durch S\u00fcnde versucht, aber hat nie eine S\u00fcnde begangen; Jesus versteht uns und kann mit uns mitf\u00fchlen.<\/li><li><em><a href=\"https:\/\/www.bibleserver.com\/NLB\/Markus1%2C14-15\">Verse 14-15<\/a>:<\/em> Es geht um Gottes Herrschaft und um unseren Glauben an die Gute Nachricht; wir k\u00f6nnen uns \u00e4ndern.<\/li><li><em><a href=\"https:\/\/www.bibleserver.com\/NLB\/Markus1%2C16-20\">Verse 16-20<\/a>:<\/em> Er hat andere berufen, ihm nachzufolgen; er hat sie zu Menschenfischern gemacht.<\/li><li><em><a href=\"https:\/\/www.bibleserver.com\/NLB\/Markus1%2C21-25\">Verse 21-25<\/a>: <\/em>Er lehrte mit Vollmacht, im Gegensatz zu den damaligen Predigern. Was bedeutet das? Die Reaktion der Leute war, dass sie sich entsetzten; warum?<\/li><li><em><a href=\"https:\/\/www.bibleserver.com\/NLB\/Markus1%2C26-28\">Verse 26-28<\/a><\/em>: Kunde von ihm erscholl \u00fcberall im ganzen Land; Jesu Art und Weise hat Leute sehr tief beeindruckt. Sind heutzutage Christen bzw. christliche Gemeinden, die von sich behaupten, Jesus nachzufolgen, bekannt f\u00fcr ihre Art und Weise?<\/li><li><em><a href=\"https:\/\/www.bibleserver.com\/NLB\/Markus1%2C29-34\">Verse 29-34<\/a>:<\/em> Es war Jesu Stil, die Bed\u00fcrfnisse anderer zu stillen; er opferte seine Zeit f\u00fcr andere.<\/li><li><em><a href=\"https:\/\/www.bibleserver.com\/NLB\/Markus1%2C35\">Vers 35<\/a><\/em>: Gebet (mit Gott zu reden) war f\u00fcr Jesus sehr wichtig: &#8220;noch vor Tage&#8221; zeigt, dass er nach einem langen anstrengenden Abend nicht ausgeschlafen hat; er holte seine Kraft f\u00fcr das Leben von Gott; wir sollen dem Gebet die gleiche Priorit\u00e4t geben, um unsere Beziehung mit Gott zu pflegen und ein christliches Leben zu leben.<\/li><li><em><a href=\"https:\/\/www.bibleserver.com\/NLB\/Markus1%2C36-39\">Verse 36-39<\/a>: <\/em>Jesus war sehr \u00fcberzeugt von seinem Sinn im Leben; wie sehr bist du von deinem Sinn im Leben \u00fcberzeugt? Wof\u00fcr stehst du jeden Tag auf?<\/li><li><em><a href=\"https:\/\/www.bibleserver.com\/NLB\/Markus1%2C40-45\">Verse 40-45<\/a>: <\/em>Jesus hat Mitleid und Mitgef\u00fchl f\u00fcr einen Mann gehabt, den alle anderen mieden; Jesus nimmt jeden auf, egal wie unw\u00fcrdig derjenige sich f\u00fchlt. Der Auss\u00e4tzige war so begeistert, dass er nicht an sich halten konnte und \u00fcberall von Jesus erz\u00e4hlte!<\/li><\/ul>\n\n\n\n<p>Jesus gibt uns ein Beispiel f\u00fcr ein Leben, das Gott gef\u00e4llt und zeigt uns, wie wir ein erf\u00fclltes Leben haben.<\/p>\n\n\n\n<blockquote class=\"wp-block-quote is-layout-flow wp-block-quote-is-layout-flow\"><p>3&nbsp;Aber wie k\u00f6nnen wir sicher sein, dass wir ihm geh\u00f6ren? &#8211; Wenn wir seine Gebote befolgen. 4&nbsp;Wer sagt: \u00bbIch geh\u00f6re Gott\u00ab und befolgt dabei Gottes Gebote nicht, ist ein L\u00fcgner und die Wahrheit ist nicht in ihm. 5&nbsp;Doch wer sein Wort h\u00e4lt, an dem zeigt sich Gottes Liebe in vollkommener Weise. Daran erkennen wir, ob wir in ihm leben. 6&nbsp;Wer behauptet, dass er zu Gott geh\u00f6rt, soll leben, wie Christus es vorgelebt hat.<\/p><cite><a href=\"https:\/\/www.bibleserver.com\/NLB\/1.Johannes2%2C3-6\" class=\"bibleserver extern\" target=\"_blank\" rel=\"noopener noreferrer\">1.Johannes 2,3-6<\/a> <\/a>(NLB)<\/cite><\/blockquote>\n\n\n\n<p>Unser Sinn im Leben ist, wie Jesus in dieser Welt zu leben; d.h. seine Worte zu halten<\/p>\n\n\n\n<p>Wenn andere uns sehen, dann sehen sie Jesus; nicht Perfektion, aber die Entschlossenheit, Jesus nachzufolgen.<\/p>\n\n\n\n<blockquote class=\"wp-block-quote is-layout-flow wp-block-quote-is-layout-flow\"><p>Jesus sagte zu ihm: \u00bbIch bin der Weg, die Wahrheit und das Leben. Niemand kommt zum Vater au\u00dfer durch mich.<\/p><cite><a href=\"https:\/\/www.bibleserver.com\/NLB\/Johannes14%2C6\" class=\"bibleserver extern\" target=\"_blank\" rel=\"noopener noreferrer\">Johannes 14,6<\/a> (NLB)<\/cite><\/blockquote>\n\n\n\n<p>Jesus ist nicht nur ein Weg zu Gott, er ist der einzige Weg zu Gott!<br \/>(mehr dazu in der Studie &#8220;Das Kreuz&#8221; (noch in Arbeit))<\/p>\n\n\n\n<h4 class=\"wp-block-heading\">Empfehlung f\u00fcr eine pers\u00f6nliche Entscheidung:<\/h4>\n\n\n\n<ul class=\"wp-block-list\"><li>Jesus ist Gottes Sohn; er ist der einzige Weg zu Gott.<\/li><li>Ich will in allen Bereichen meines Lebens lernen zu leben, wie Jesus gelebt hat (z.B. Gebet, N\u00e4chstenliebe, als Menschenfischer leben, etc.)<\/li><\/ul>\n\n\n\n<p><em>Hinweis:<\/em><br \/>Jesus nachzufolgen hei\u00dft nicht in allen Dingen 1:1 so zu leben wie er (z.B. z\u00f6libat\u00e4r als Single und 100% Missionar), sondern es gibt verschiedene spezifische Berufungen (u.a. auch eine Familie zu gr\u00fcnden, einen &#8220;weltlichen&#8221; Beruf zu haben etc). Jedoch gilt es in jeder Berufung Jesus als Vorbild zu nehmen und die Gute Nachricht weiterzugeben<\/p>\n\n\n\n<p><a href=\"https:\/\/www.projekt-kirche.de\/?page_id=7871\">Zum 3. Teil des Basics Bibelkurses (Das Wort)<\/a><\/p>\n","protected":false},"excerpt":{"rendered":"<p>Fortsetzung vom 1. Teil des Basics Bibelkurses (Gott suchen). Markus-Evangelium Kapitel 1 Johannes der T\u00e4ufer k\u00fcndigt Jesus an: 1&nbsp;So beginnt die gute Botschaft von Jesus Christus, dem Sohn Gottes. 2&nbsp;Im Buch des Propheten Jesaja steht: \u00bbSiehe, ich sende meinen Boten vor dir her. Er wird dir den Weg bereiten. 3&nbsp;Er ist eine Stimme, die in [&hellip;]<\/p>\n","protected":false},"author":1,"featured_media":0,"parent":0,"menu_order":0,"comment_status":"closed","ping_status":"closed","template":"","meta":{"jetpack_post_was_ever_published":false,"footnotes":""},"class_list":["post-7579","page","type-page","status-publish","hentry"],"jetpack_shortlink":"https:\/\/wp.me\/P4Sdv6-1Yf","jetpack_sharing_enabled":true,"_links":{"self":[{"href":"https:\/\/www.projekt-kirche.de\/index.php?rest_route=\/wp\/v2\/pages\/7579","targetHints":{"allow":["GET"]}}],"collection":[{"href":"https:\/\/www.projekt-kirche.de\/index.php?rest_route=\/wp\/v2\/pages"}],"about":[{"href":"https:\/\/www.projekt-kirche.de\/index.php?rest_route=\/wp\/v2\/types\/page"}],"author":[{"embeddable":true,"href":"https:\/\/www.projekt-kirche.de\/index.php?rest_route=\/wp\/v2\/users\/1"}],"replies":[{"embeddable":true,"href":"https:\/\/www.projekt-kirche.de\/index.php?rest_route=%2Fwp%2Fv2%2Fcomments&post=7579"}],"version-history":[{"count":52,"href":"https:\/\/www.projekt-kirche.de\/index.php?rest_route=\/wp\/v2\/pages\/7579\/revisions"}],"predecessor-version":[{"id":8633,"href":"https:\/\/www.projekt-kirche.de\/index.php?rest_route=\/wp\/v2\/pages\/7579\/revisions\/8633"}],"wp:attachment":[{"href":"https:\/\/www.projekt-kirche.de\/index.php?rest_route=%2Fwp%2Fv2%2Fmedia&parent=7579"}],"curies":[{"name":"wp","href":"https:\/\/api.w.org\/{rel}","templated":true}]}}