{"id":7871,"date":"2020-04-16T14:02:06","date_gmt":"2020-04-16T12:02:06","guid":{"rendered":"https:\/\/www.projekt-kirche.de\/?p=7871"},"modified":"2020-05-10T18:56:15","modified_gmt":"2020-05-10T16:56:15","slug":"3-das-wort","status":"publish","type":"page","link":"https:\/\/www.projekt-kirche.de\/?page_id=7871","title":{"rendered":"3. Das Wort"},"content":{"rendered":"<div class=\"shariff\" data-title=\"3. Das Wort\" data-info-url=\"http:\/\/ct.de\/-2467514\" data-backend-url=\"https:\/\/www.projekt-kirche.de\/wp-content\/plugins\/shariff-sharing\/backend\/index.php\" data-temp=\"\/tmp\" data-ttl=\"60\" data-service=\"gftr\" data-services='[\"googleplus\",\"facebook\",\"twitter\",\"reddit\",\"info\"]' data-image=\"\" data-url=\"https:\/\/www.projekt-kirche.de\/?page_id=7871\" data-lang=\"de\" data-theme=\"colored\" data-orientation=\"horizontal\"><\/div>\n<p>Fortsetzung vom 2. Teil des Basics Bibelkurses (<a href=\"https:\/\/www.projekt-kirche.de\/?page_id=7579\">Jesus<\/a>).<\/p>\n\n\n\n<blockquote class=\"wp-block-quote is-layout-flow wp-block-quote-is-layout-flow\"><p>12&nbsp;Das Wort Gottes ist lebendig und wirksam. Es ist sch\u00e4rfer als das sch\u00e4rfste Schwert und durchdringt unsere innersten Gedanken und W\u00fcnsche. Es deckt auf, wer wir wirklich sind, und macht unser Herz vor Gott offenbar. 13&nbsp;Nichts in der ganzen Sch\u00f6pfung ist vor ihm verborgen. Alles ist nackt und blo\u00df vor den Augen Gottes, dem wir f\u00fcr alles Rechenschaft ablegen m\u00fcssen.<\/p><cite><a href=\"https:\/\/www.bibleserver.com\/NLB\/Hebr%C3%A4er4%2C12-13\" class=\"bibleserver extern\" target=\"_blank\" rel=\"noopener noreferrer\">Hebr\u00e4er 4,12-13<\/a> <\/a>(NLB)<\/cite><\/blockquote>\n\n\n\n<p><strong>Lebendig und Kr\u00e4ftig: <\/strong>das Wort ist aktuell; es &#8220;schneidet&#8221; unser Herz bez\u00fcglich S\u00fcnde (siehe n\u00e4chste Lektion &#8220;S\u00fcnde&#8221;)  und offenbart, wer wir vor Gott wirklich sind.<\/p>\n\n\n\n<blockquote class=\"wp-block-quote is-layout-flow wp-block-quote-is-layout-flow\"><p>Achte sorgf\u00e4ltig auf dich selbst und auf die Lehre. Bleib der Wahrheit treu, und Gott wird dich und alle, die dich h\u00f6ren, retten.<\/p><cite><a href=\"https:\/\/www.bibleserver.com\/NLB\/1.Timotheus4%2C16\" class=\"bibleserver extern\" target=\"_blank\" rel=\"noopener noreferrer\">1.Timotheus 4,16<\/a> (NLB)<\/cite><\/blockquote>\n\n\n\n<p><strong>Leben und Lehre: <\/strong>sie sind untrennbar und beide zur Errettung notwendig; Beispiel: ohne beide Fl\u00fcgel w\u00fcrde ein Flugzeug abst\u00fcrzen<\/p>\n\n\n\n<blockquote class=\"wp-block-quote is-layout-flow wp-block-quote-is-layout-flow\"><p>6&nbsp;Jesus erwiderte: \u00bbIhr Heuchler! Jesaja hat euch gemeint, als er sagte: `Diese Menschen ehren mich mit ihren Worten, aber nicht mit ihrem Herzen. 7&nbsp;Ihre Anbetung ist nutzlos, denn sie ersetzen die Gebote Gottes durch ihre eigenen Lehren.\u00b4<span class=\"tooltips \" style=\"\" title=\"&lt;a href=&quot;https:\/\/www.bibleserver.com\/NLB\/Jesaja29%2C13&quot; class=&quot;bibleserver extern&quot; target=&quot;_blank&quot; rel=&quot;noopener noreferrer&quot;&gt;Jesaja 29,13&lt;\/a&gt;.\">*<\/span> 8&nbsp;Ihr missachtet die Gebote Gottes und setzt an ihre Stelle eure eigenen Vorschriften.\u00ab 9&nbsp;Und er fuhr fort: \u00bbGeschickt setzt ihr Gottes Gebote au\u00dfer Kraft, um an euren eigenen Vorschriften festzuhalten.<\/p><cite><a href=\"https:\/\/www.bibleserver.com\/NLB\/Markus7%2C6-9\" class=\"bibleserver extern\" target=\"_blank\" rel=\"noopener noreferrer\">Markus 7,6-9<\/a> <\/a>(NLB)<\/cite><\/blockquote>\n\n\n\n<p><strong>Oberfl\u00e4chliche religi\u00f6se Vorschriften <\/strong>und religi\u00f6se Gewohnheiten ohne Herz k\u00f6nnen kein Ma\u00dfstab sein; in Gottes Augen z\u00e4hlen nur seine Gebote!<\/p>\n\n\n\n<blockquote class=\"wp-block-quote is-layout-flow wp-block-quote-is-layout-flow\"><p>31&nbsp;Jesus sagte zu den Menschen<span class=\"tooltips \" style=\"\" title=\"Griech. zu den Juden; so auch in 8,48.52.57.\">*<\/span>, die nun an ihn glaubten: \u00bbWenn ihr euch nach meinen Worten richtet, seid ihr wirklich meine J\u00fcnger. 32&nbsp;Ihr werdet die Wahrheit erkennen, und die Wahrheit wird euch frei machen.\u00ab<\/p><cite><a href=\"https:\/\/www.bibleserver.com\/NLB\/Johannes8%2C31-32\" class=\"bibleserver extern\" target=\"_blank\" rel=\"noopener noreferrer\">Johannes 8,31-32<\/a> <\/a>(NLB)<\/cite><\/blockquote>\n\n\n\n<p><strong>Am Wort Festhalten: <\/strong>dies unterscheidet, wer ein (wirklicher) J\u00fcnger (=Sch\u00fcler) Jesu ist und wer nicht.<\/p>\n\n\n\n<blockquote class=\"wp-block-quote is-layout-flow wp-block-quote-is-layout-flow\"><p>10&nbsp;Liebe Br\u00fcder, ich bitte euch im Namen von Jesus Christus, dem Herrn, dass ihr darauf achtet, untereinander einig zu sein, und aufh\u00f6rt, miteinander zu streiten, damit es nicht zu Spaltungen in der Gemeinde kommt. Ich bitte euch: Steht fest zueinander, sodass ihr einig seid in dem, was ihr denkt und wollt. 11&nbsp;Angeh\u00f6rige des Hauses von Chlo\u00eb haben mir von Streitigkeiten unter euch erz\u00e4hlt, liebe Freunde<span class=\"tooltips \" style=\"\" title=\"Griech. meine Br\u00fcder.\">*<\/span>. 12&nbsp;So sagen einige von euch: \u00bbIch bin ein Anh\u00e4nger von Paulus.\u00ab Andere bekennen sich zu Apollos oder Petrus<span class=\"tooltips \" style=\"\" title=\"Griech. Kephas.\">*<\/span>, und manche sagen: \u00bbIch folge nur Christus.\u00ab 13&nbsp;Kann man Christus etwa auf diese Weise aufteilen? Wurde ich, Paulus, f\u00fcr euch gekreuzigt? Wurde irgendeiner von euch auf den Namen von Paulus getauft?<\/p><cite><a href=\"https:\/\/www.bibleserver.com\/NLB\/1.Korinther1%2C10-13\" class=\"bibleserver extern\" target=\"_blank\" rel=\"noopener noreferrer\">1.Korinther 1,10-13<\/a> <\/a>(NLB)<\/cite><\/blockquote>\n\n\n\n<p><strong>Glaubensrichtungen: <\/strong><em>warum gibt es so viele Gemeinden (Konfessionen)<\/em>? Aufgrund eines erschreckenden Mangels an Einheit. Die Menschen folgen eher M\u00e4nnern (oder Frauen) und deren pers\u00f6nlichen Meinungen als Jesus und seinen Worten.<\/p>\n\n\n\n<blockquote class=\"wp-block-quote is-layout-flow wp-block-quote-is-layout-flow\"><p>3&nbsp;Denn es kommt eine Zeit, in der die Menschen nicht mehr auf die gesunde Lehre h\u00f6ren werden. Sie werden sich von ihren eigenen W\u00fcnschen leiten lassen und immer wieder nach Lehrern Ausschau halten, die ihnen sagen, was sie gern h\u00f6ren wollen. 4&nbsp;Die Wahrheit werden sie ablehnen und stattdessen seltsamen Fabeln folgen.<\/p><cite><a href=\"https:\/\/www.bibleserver.com\/NLB\/2.Timotheus4%2C3-4\" class=\"bibleserver extern\" target=\"_blank\" rel=\"noopener noreferrer\">2.Timotheus 4,3-4<\/a> <\/a>(NLB)<\/cite><\/blockquote>\n\n\n\n<p><strong>Einfacher Weg: <\/strong>wir finden immer jemanden, der unseren s\u00fcndhaften Lebensstil best\u00e4tigt und unser Gewissen beruhigt, wenn wir Gottes Wort (wie in der Bibel offenbart) nicht halten wollen. Aber nur das g\u00f6ttliche Wort z\u00e4hlt vor Gott!<\/p>\n\n\n\n<blockquote class=\"wp-block-quote is-layout-flow wp-block-quote-is-layout-flow\"><p>47&nbsp;Wenn jemand mich h\u00f6rt und mir nicht gehorcht, bin ich nicht sein Richter &#8211; denn ich bin gekommen, um die Welt zu retten, und nicht, um sie zu richten. 48&nbsp;Doch wer mich und meine Botschaft ablehnt, wird am Tag des Gerichts durch meine Worte, die ich gesprochen habe, gerichtet werden.<\/p><cite><a href=\"https:\/\/www.bibleserver.com\/NLB\/Johannes12%2C47-48\" class=\"bibleserver extern\" target=\"_blank\" rel=\"noopener noreferrer\">Johannes 12,47-48<\/a> <\/a>(NLB)<\/cite><\/blockquote>\n\n\n\n<p><strong>Ma\u00dfstab und Richter <\/strong>am Tag des J\u00fcngsten Gerichtes: Jesus spricht zu denen, die sein Wort h\u00f6ren, aber nicht annehmen.<\/p>\n\n\n\n<p><strong>Empfehlung f\u00fcr eine pers\u00f6nliche Entscheidung:<\/strong><\/p>\n\n\n\n<ul class=\"wp-block-list\"><li>Die Bibel ist das inspirierte Wort Gottes; es wurde von Menschen aufgeschrieben, aber von Gott eingegeben.<\/li><li>Ich vertraue der Bibel und mache sie, nicht meine Gef\u00fchle bzw. pers\u00f6nlichen Vorlieben, zum neuen Ma\u00dfstab meines Lebens.<\/li><\/ul>\n\n\n\n<p><em>Hinweis:<\/em><br \/>Nat\u00fcrlich muss die Bibel als Gottes Wort auch ausgelegt (richtig verstanden) und auf das Leben geeignet angewendet werden. <br \/>In der r\u00f6misch-katholischen Kirche gibt es hierzu das sog. <a href=\"http:\/\/www.kathpedia.com\/index.php\/Lehramt\">Lehramt<\/a> und den <a href=\"http:\/\/www.vatican.va\/archive\/DEU0035\/_INDEX.HTM\">Katechismus der Katholischen Kirche<\/a>, der den katholischen Glauben verbindlich darlegt.<\/p>\n\n\n\n<p><a href=\"https:\/\/www.projekt-kirche.de\/?page_id=7909\">Zum 4. Teil des Bibelkurses (S\u00fcnde).<\/a><\/p>\n","protected":false},"excerpt":{"rendered":"<p>Fortsetzung vom 2. Teil des Basics Bibelkurses (Jesus). 12&nbsp;Das Wort Gottes ist lebendig und wirksam. Es ist sch\u00e4rfer als das sch\u00e4rfste Schwert und durchdringt unsere innersten Gedanken und W\u00fcnsche. Es deckt auf, wer wir wirklich sind, und macht unser Herz vor Gott offenbar. 13&nbsp;Nichts in der ganzen Sch\u00f6pfung ist vor ihm verborgen. Alles ist nackt [&hellip;]<\/p>\n","protected":false},"author":1,"featured_media":0,"parent":0,"menu_order":0,"comment_status":"open","ping_status":"open","template":"","meta":{"jetpack_post_was_ever_published":false,"footnotes":""},"class_list":["post-7871","page","type-page","status-publish","hentry"],"jetpack_shortlink":"https:\/\/wp.me\/P4Sdv6-22X","jetpack_sharing_enabled":true,"_links":{"self":[{"href":"https:\/\/www.projekt-kirche.de\/index.php?rest_route=\/wp\/v2\/pages\/7871","targetHints":{"allow":["GET"]}}],"collection":[{"href":"https:\/\/www.projekt-kirche.de\/index.php?rest_route=\/wp\/v2\/pages"}],"about":[{"href":"https:\/\/www.projekt-kirche.de\/index.php?rest_route=\/wp\/v2\/types\/page"}],"author":[{"embeddable":true,"href":"https:\/\/www.projekt-kirche.de\/index.php?rest_route=\/wp\/v2\/users\/1"}],"replies":[{"embeddable":true,"href":"https:\/\/www.projekt-kirche.de\/index.php?rest_route=%2Fwp%2Fv2%2Fcomments&post=7871"}],"version-history":[{"count":32,"href":"https:\/\/www.projekt-kirche.de\/index.php?rest_route=\/wp\/v2\/pages\/7871\/revisions"}],"predecessor-version":[{"id":8634,"href":"https:\/\/www.projekt-kirche.de\/index.php?rest_route=\/wp\/v2\/pages\/7871\/revisions\/8634"}],"wp:attachment":[{"href":"https:\/\/www.projekt-kirche.de\/index.php?rest_route=%2Fwp%2Fv2%2Fmedia&parent=7871"}],"curies":[{"name":"wp","href":"https:\/\/api.w.org\/{rel}","templated":true}]}}