{"id":7909,"date":"2020-04-26T18:56:00","date_gmt":"2020-04-26T16:56:00","guid":{"rendered":"https:\/\/www.projekt-kirche.de\/?page_id=7909"},"modified":"2020-05-10T18:57:32","modified_gmt":"2020-05-10T16:57:32","slug":"suende","status":"publish","type":"page","link":"https:\/\/www.projekt-kirche.de\/?page_id=7909","title":{"rendered":"4. S\u00fcnde"},"content":{"rendered":"<div class=\"shariff\" data-title=\"4. S\u00fcnde\" data-info-url=\"http:\/\/ct.de\/-2467514\" data-backend-url=\"https:\/\/www.projekt-kirche.de\/wp-content\/plugins\/shariff-sharing\/backend\/index.php\" data-temp=\"\/tmp\" data-ttl=\"60\" data-service=\"gftr\" data-services='[\"googleplus\",\"facebook\",\"twitter\",\"reddit\",\"info\"]' data-image=\"\" data-url=\"https:\/\/www.projekt-kirche.de\/?page_id=7909\" data-lang=\"de\" data-theme=\"colored\" data-orientation=\"horizontal\"><\/div>\n<p>Fortsetzung vom 3. Teil des Basics Bibelkurses (<a href=\"https:\/\/www.projekt-kirche.de\/?page_id=7871\">Das Wort<\/a>).<\/p>\n\n\n\n<p><strong>Allgemeine Definition:<\/strong><br \/>Griechischer Begriff aus dem Bogenschie\u00dfen; wenn jemand das Ziel verpasst hatte, dann rief man &#8220;S\u00fcnde&#8221; (=Verfehlung);<br \/>S\u00fcnde bedeutet, das Ziel zu verfehlen, das Gott uns zugedacht hat.<\/p>\n\n\n\n<p><strong>Katholische Definition (siehe <a href=\"http:\/\/www.kathpedia.com\/index.php?title=S%C3%BCnde\">Kathpedia<\/a>):<\/strong><br \/>Die&nbsp;S\u00fcnde&nbsp;ist ein Versto\u00df gegen die wahre Liebe zu Gott und zum N\u00e4chsten.<br \/>Die S\u00fcnde weist die&nbsp;<a href=\"http:\/\/www.kathpedia.com\/index.php?title=Gnade\">Gnade<\/a>&nbsp;Gottes zur\u00fcck. Sie ist eine&nbsp;<a href=\"http:\/\/www.kathpedia.com\/index.php?title=Verfehlung\">Verfehlung<\/a>&nbsp;gegen die Vernunft, die Wahrheit und das rechte&nbsp;<a href=\"http:\/\/www.kathpedia.com\/index.php?title=Gewissen\">Gewissen<\/a>.&nbsp;<br \/><a href=\"http:\/\/www.kathpedia.com\/index.php?title=Aurelius_Augustinus\">Augustinus<\/a>&nbsp;definiert die S\u00fcnde als \u201eein Wort, eine Tat oder ein Begehren im Widerspruch zum&nbsp;<a href=\"http:\/\/www.kathpedia.com\/index.php?title=Ewiges_Gesetz\">ewigen Gesetz<\/a> [Gottes]\u201c<span class=\"tooltips \" style=\"\" title=\"&lt;em&gt;Contra Faustum Manichaeum&lt;\/em&gt;, 22,27;&amp;nbsp;&lt;a href=&quot;https:\/\/en.wikipedia.org\/wiki\/Patrologia_Latina&quot;&gt;PL&lt;\/a&gt;&amp;nbsp;42,418; cf.&amp;nbsp;&lt;a href=&quot;https:\/\/en.wikipedia.org\/wiki\/Thomas_Aquinas&quot;&gt;Thomas Aquinas&lt;\/a&gt;,&amp;nbsp;&lt;a href=&quot;https:\/\/en.wikipedia.org\/wiki\/Summa_Theologica&quot;&gt;STh&lt;\/a&gt;&amp;nbsp;I\u2013II q71 a6.\">*<\/span>. (&#8230;) Je mehr sie den Menschen beherrscht, desto mehr entzieht sie ihm die Macht der Unterscheidungsf\u00e4higkeit von Gut und B\u00f6se.<\/p>\n\n\n\n<blockquote class=\"wp-block-quote is-layout-flow wp-block-quote-is-layout-flow\"><p>23&nbsp;Denn alle Menschen haben ges\u00fcndigt und das Leben in der Herrlichkeit Gottes verloren.<br>24&nbsp;Doch Gott erkl\u00e4rt uns aus Gnade f\u00fcr gerecht. Es ist sein Geschenk an uns durch Jesus Christus, der uns von unserer Schuld befreit<span class=\"tooltips \" style=\"\" title=\"Griech. erl\u00f6st.\">*<\/span> hat.<\/p><cite><a href=\"https:\/\/www.bibleserver.com\/NLB\/R%C3%B6mer3%2C23-24\" class=\"bibleserver extern\" target=\"_blank\" rel=\"noopener noreferrer\">R\u00f6mer 3,23-24<\/a> <\/a>(NLB)<\/cite><\/blockquote>\n\n\n\n<p><strong>Alle:<\/strong> alle haben ges\u00fcndigt, d.h. das uns von Gott zugedachte, herrliche Ziel verfehlt. <br \/>Beispiel: Drei Leute schwimmen von Frankreich nach New York; einer ertrinkt nach 5 km, der n\u00e4chste nach 10 km. Der Dritte schafft 30 km, aber ertrinkt letztendlich auch.<\/p>\n\n\n\n<p>Wir weichen unterschiedlich weit vom Ziel ab, aber der Punkt ist, dass wir alle &#8211; ohne Ausnahme &#8211; das Ziel verfehlen, also s\u00fcndigen.<\/p>\n\n\n\n<blockquote class=\"wp-block-quote is-layout-flow wp-block-quote-is-layout-flow\"><p>12&nbsp;Die S\u00fcnde kam durch einen einzigen Menschen in die Welt &#8211; Adam. Als Folge davon kam der Tod, und der Tod ergriff alle, weil alle s\u00fcndigten. 13&nbsp;Ja, die Menschen s\u00fcndigten schon, bevor ihnen das Gesetz gegeben wurde. Aber solange es kein Gesetz gibt, wird dies nicht als Schuld angerechnet. 14&nbsp;Und doch herrschte der Tod \u00fcber alle Menschen von Adam bis Mose &#8211; auch wenn sie kein ausdr\u00fcckliches Verbot Gottes missachteten, wie Adam es tat, der auf Christus hinweist, der noch kommen sollte!<\/p><cite><a href=\"https:\/\/www.bibleserver.com\/NLB\/R%C3%B6mer5%2C12-14\" class=\"bibleserver extern\" target=\"_blank\" rel=\"noopener noreferrer\">R\u00f6mer 5,12-14<\/a> <\/a>(NLB)<\/cite><\/blockquote>\n\n\n\n<p>Seit den (bzw. durch die) ersten Menschen, Adam und Eva, gibt es S\u00fcnde und damit den Tod in der Welt. Ob wir pers\u00f6nlich s\u00fcndigen oder auch nicht, wir werden aufgrund der S\u00fcnde Adams sterben und ben\u00f6tigen alle Erl\u00f6sung von dieser Urschuld (inkl. &#8220;unschuldige&#8221; Kinder). Nur so k\u00f6nnen wir das ewige Leben der vollkommenen Gl\u00fcckseligkeit (wieder) erlangen (siehe auch <a href=\"http:\/\/www.projekt-kirche.de\/wp-content\/uploads\/2018\/11\/kindertaufe-und-erbsc3bcnde_v2-20_a5_2009-11-20.pdf\">\u00dcber Kindertaufe und Erbs\u00fcnde<\/a>).<\/p>\n\n\n\n<blockquote class=\"wp-block-quote is-layout-flow wp-block-quote-is-layout-flow\"><p>9&nbsp;Wenn ihr den Neigungen eurer s\u00fcndigen Natur folgt, wird euer Leben die entsprechenden Folgen zeigen: Unzucht, unreine Gedanken, Vergn\u00fcgungssucht, 20&nbsp;G\u00f6tzendienst, Zauberei, Feindschaften, Streit, Eifersucht, Zorn, selbsts\u00fcchtigen Ehrgeiz, Spaltungen, selbstgerechte Abgrenzung gegen andere Gruppen, 21&nbsp;Neid, Trunkenheit, ausschweifenden Lebenswandel<span class=\"tooltips \" style=\"\" title=\"\">*<\/span> und dergleichen mehr. Ich wiederhole, was ich bereits gesagt habe, dass niemand, der ein solches Leben f\u00fchrt, das Reich Gottes erben wird.<\/p><cite><a href=\"https:\/\/www.bibleserver.com\/NLB\/Galater5%2C19-21\" class=\"bibleserver extern\" target=\"_blank\" rel=\"noopener noreferrer\">Galater 5,19-21<\/a> <\/a>(NLB)<\/cite><\/blockquote>\n\n\n\n<p><strong>Offensichtlich und Spezifisch:<\/strong> <\/p>\n\n\n\n<ul class=\"wp-block-list\"><li>S\u00fcnde ist sehr offensichtlich und keineswegs altmodisch. S\u00fcnde hat Konsequenzen f\u00fcr unser Leben hier auf Erden und f\u00fcr unser ewiges Leben; wir verletzen andere durch unsere S\u00fcnde und beleidigen Gott, der uns zur Vollkommenheit bestimmt hat. <\/li><li>&#8220;<em>niemand, der ein solches Leben f\u00fchrt, das Reich Gottes erben<\/em> wird&#8221;: wenn solche S\u00fcnden deinen Lebensstil pr\u00e4gen oder beschreiben (und keine Vergebung erlangt werden konnte), besteht keine Hoffnung auf Ewigkeit mit Gott.<\/li><\/ul>\n\n\n\n<blockquote class=\"wp-block-quote is-layout-flow wp-block-quote-is-layout-flow\"><p>Doch die Feigen und Treulosen und diejenigen, die abscheuliche Taten tun und die M\u00f6rder und Unz\u00fcchtigen und die, die Zauberei treiben, die G\u00f6tzendiener und alle L\u00fcgner &#8211; sie erwartet der See, der mit Feuer und Schwefel brennt. Das ist der zweite Tod.\u00ab<\/p><cite><a href=\"https:\/\/www.bibleserver.com\/NLB\/Offenbarung21%2C8\" class=\"bibleserver extern\" target=\"_blank\" rel=\"noopener noreferrer\">Offenbarung 21,8<\/a> (NLB)<\/cite><\/blockquote>\n\n\n\n<ul class=\"wp-block-list\"><li>Feigheit und L\u00fcgen: Gott nimmt beides nicht auf die leichte Schulter. <em>Und du? <\/em><\/li><li>S\u00fcnde f\u00fchrt zum &#8220;See, der mit Feuer und Schwefel brennt&#8221;; der zweite Tod ist die H\u00f6lle (der erste Tod ist \u00fcbrigens der &#8220;nat\u00fcrliche&#8221; biologische Tod, den jeder erleidet). <\/li><li>Die Bibel spricht hier eine deutliche Sprache, die in einer Welt der &#8220;toleranten Religionen&#8221; nicht gerne geh\u00f6rt wird. Aber &#8220;dieses Ende&#8221; steht uns bevor, wenn wir S\u00fcnde mehr lieben als Gott (bzw. nichts gegen S\u00fcnde tun).<\/li><\/ul>\n\n\n\n<blockquote class=\"wp-block-quote is-layout-flow wp-block-quote-is-layout-flow\"><p>1&nbsp;H\u00f6rt zu! Die Hand des Herrn ist nicht zu kurz, um euch zu helfen, und er ist nicht taub, dass er euch nicht h\u00f6ren w\u00fcrde. 2&nbsp;Nein, eure S\u00fcnden sind eine Schranke, die euch von Gott trennt. Wegen eurer S\u00fcnden verbirgt er sein Antlitz vor euch und will euch nicht mehr h\u00f6ren.<\/p><cite><a href=\"https:\/\/www.bibleserver.com\/NLB\/Jesaja59%2C1-2\" class=\"bibleserver extern\" target=\"_blank\" rel=\"noopener noreferrer\">Jesaja 59,1-2<\/a> <\/a>(NLB)<\/cite><\/blockquote>\n\n\n\n<p><strong>Trennung: <\/strong>Unsere S\u00fcnde trennt uns von Gott; Gott und S\u00fcnde sind unvereinbar; Gott kann diese Mauer der S\u00fcnde einrei\u00dfen, wenn wir Gottes Gef\u00fchle \u00fcber S\u00fcnde verstehen und unsere Herzen \u00fcber die S\u00fcnde gebrochen sind (d.h. wir unsere S\u00fcnden wirklich bereuen)<\/p>\n\n\n\n<p><strong>Gott liebt uns sehr <\/strong>und will, dass &#8220;allen Menschen geholfen werde und sie zur Erkenntnis der Wahrheit kommen&#8221;, d.h. keiner soll verloren gehen (<a href=\"https:\/\/www.bibleserver.com\/NLB\/1.Timotheus2%2C4\" class=\"bibleserver extern\" target=\"_blank\" rel=\"noopener noreferrer\">1 Tim 2,4<\/a>);<\/p>\n\n\n\n<p><strong>Beispiel:<\/strong> Dein Sohn, den du mit viel Liebe dazu erzogen hast, andere zu lieben und zu respektieren, entscheidet sich mit 18 Jahren, mit Drogen zu handeln. <em>Wie w\u00fcrdest du dich f\u00fchlen? <\/em>Tief verletzt wahrscheinlich &#8211; w\u00fcrdest du alles versuchen, um zu deinem Sohn durchzukommen und ihn zu retten. Nach wie vor liebst und akzeptierst du deinen Sohn, aber seinen Lebensstil wirst du niemals akzeptieren. Seine S\u00fcnde w\u00fcrde dich und ihn trennen. So ist es mit Gott . Unsere S\u00fcnde trennt uns von Gott .<\/p>\n\n\n\n<p>Gott hat schon alles getan, um uns zu zeigen, wie schrecklich S\u00fcnde ist und wie weit er gegangen ist, um uns zu erretten. Die folgenden Gedanken \u00fcber das Kreuz Jesu (noch in Arbeit) werden zeigen, wie sehr Gott uns liebt und was er bereit war zu tun, um uns zu erretten.<\/p>\n\n\n\n<p><em>Zus\u00e4tzliche Schriftstellen zum Thema S\u00fcnde:<\/em><\/p>\n\n\n\n<ul class=\"wp-block-list\"><li>Selbstsucht: <a href=\"https:\/\/www.bibleserver.com\/NLB\/Jakobus4%2C13-17\" class=\"bibleserver extern\" target=\"_blank\" rel=\"noopener noreferrer\">Jak 4,13-17<\/a><\/li><li>Faulheit: <a rel=\"noreferrer noopener\" href=\"https:\/\/www.bibleserver.com\/NLB\/Spr%C3%BCche6%2C6-11\" target=\"_blank\">Spr 6,6-11<\/a><\/li><li>Unzucht, Unreinheit, Habgier, schmutziges, dummes und anz\u00fcgliches Gerede: <a rel=\"noreferrer noopener\" href=\"https:\/\/www.bibleserver.com\/NLB\/Epheser5,3-4\" target=\"_blank\">Eph 5,3-4<\/a><\/li><li>Unzucht, Diebstahl, Mord, Ehebruch, Habgier, Bosheit, Hinterlist, Vergn\u00fcgungssucht, Neid, Verleumdung, Stolz und Unvernunft: <a class=\"bibleserver extern\" rel=\"noopener noreferrer\" href=\"https:\/\/www.bibleserver.com\/NLB\/Markus7%2C20-23\" target=\"_blank\">Mk 7,20-23<\/a><\/li><li>Selbstsucht, Stolz, Undankbarkeit, keine Vergebungsbereitschaft, Verleumdung:  <a rel=\"noreferrer noopener\" href=\"https:\/\/www.bibleserver.com\/NLB\/2.Timotheus3,1-5\" target=\"_blank\">2. Tim 3,1-5<\/a><\/li><li>Selbstgerechtigkeit: <a rel=\"noreferrer noopener\" href=\"https:\/\/www.bibleserver.com\/NLB\/Lukas18,9-14\" target=\"_blank\">Lk 18,9-14<\/a><\/li><li>Ehebruch, Homosexualit\u00e4t, Diebstahl, L\u00e4sterung etc.: <a href=\"https:\/\/www.bibleserver.com\/NLB\/1.Korinther6%2C9-11\" class=\"bibleserver extern\" target=\"_blank\" rel=\"noopener noreferrer\">1. Kor 6,9-11<\/a> (zur Homosexualit\u00e4t siehe <a href=\"http:\/\/www.vatican.va\/archive\/DEU0035\/_P8B.HTM\">Katechismus der Katholischen Kirche #2357ff<\/a> bzw. <a href=\"https:\/\/stjosef.at\/dokumente\/kirche_und_homosexualitaet_moralhistorisch.htm\">Die sittliche Beurteilung der Homosexualit\u00e4t<\/a>)<\/li><li>Nachtragend (nicht vergebungsbereit) sein: <a href=\"https:\/\/www.bibleserver.com\/NLB\/Matth%C3%A4us6%2C15\" class=\"bibleserver extern\" target=\"_blank\" rel=\"noopener noreferrer\">Mt 6,15<\/a><\/li><\/ul>\n\n\n\n<p><strong>Empfehlung f\u00fcr eine pers\u00f6nliche Entscheidung:<\/strong><br \/>Ich sehe meine S\u00fcnde und verstehe die Konsequenz meiner S\u00fcnde, n\u00e4mlich die ewige Trennung von Gott (sofern die S\u00fcnde nicht vergeben ist, siehe die n\u00e4chste Lektion <a href=\"https:\/\/www.projekt-kirche.de\/?page_id=8078\">Das Kreuz, Umkehr und Taufe<\/a>.)<\/p>\n\n\n\n<p><a href=\"https:\/\/www.projekt-kirche.de\/?page_id=8078\">Zum 5. Teil des Bibelkurses (Das Kreuz, Umkehr und Taufe)<\/a> <\/p>\n","protected":false},"excerpt":{"rendered":"<p>Fortsetzung vom 3. Teil des Basics Bibelkurses (Das Wort). Allgemeine Definition:Griechischer Begriff aus dem Bogenschie\u00dfen; wenn jemand das Ziel verpasst hatte, dann rief man &#8220;S\u00fcnde&#8221; (=Verfehlung);S\u00fcnde bedeutet, das Ziel zu verfehlen, das Gott uns zugedacht hat. Katholische Definition (siehe Kathpedia):Die&nbsp;S\u00fcnde&nbsp;ist ein Versto\u00df gegen die wahre Liebe zu Gott und zum N\u00e4chsten.Die S\u00fcnde weist die&nbsp;Gnade&nbsp;Gottes zur\u00fcck. [&hellip;]<\/p>\n","protected":false},"author":1,"featured_media":0,"parent":0,"menu_order":0,"comment_status":"closed","ping_status":"closed","template":"","meta":{"jetpack_post_was_ever_published":false,"footnotes":""},"class_list":["post-7909","page","type-page","status-publish","hentry"],"jetpack_shortlink":"https:\/\/wp.me\/P4Sdv6-23z","jetpack_sharing_enabled":true,"_links":{"self":[{"href":"https:\/\/www.projekt-kirche.de\/index.php?rest_route=\/wp\/v2\/pages\/7909","targetHints":{"allow":["GET"]}}],"collection":[{"href":"https:\/\/www.projekt-kirche.de\/index.php?rest_route=\/wp\/v2\/pages"}],"about":[{"href":"https:\/\/www.projekt-kirche.de\/index.php?rest_route=\/wp\/v2\/types\/page"}],"author":[{"embeddable":true,"href":"https:\/\/www.projekt-kirche.de\/index.php?rest_route=\/wp\/v2\/users\/1"}],"replies":[{"embeddable":true,"href":"https:\/\/www.projekt-kirche.de\/index.php?rest_route=%2Fwp%2Fv2%2Fcomments&post=7909"}],"version-history":[{"count":50,"href":"https:\/\/www.projekt-kirche.de\/index.php?rest_route=\/wp\/v2\/pages\/7909\/revisions"}],"predecessor-version":[{"id":8635,"href":"https:\/\/www.projekt-kirche.de\/index.php?rest_route=\/wp\/v2\/pages\/7909\/revisions\/8635"}],"wp:attachment":[{"href":"https:\/\/www.projekt-kirche.de\/index.php?rest_route=%2Fwp%2Fv2%2Fmedia&parent=7909"}],"curies":[{"name":"wp","href":"https:\/\/api.w.org\/{rel}","templated":true}]}}