{"id":8078,"date":"2020-05-03T15:23:24","date_gmt":"2020-05-03T13:23:24","guid":{"rendered":"https:\/\/www.projekt-kirche.de\/?page_id=8078"},"modified":"2020-05-10T18:58:43","modified_gmt":"2020-05-10T16:58:43","slug":"das-kreuz-umkehr-und-taufe","status":"publish","type":"page","link":"https:\/\/www.projekt-kirche.de\/?page_id=8078","title":{"rendered":"5. Das Kreuz, Umkehr und Taufe"},"content":{"rendered":"<div class=\"shariff\" data-title=\"5. Das Kreuz, Umkehr und Taufe\" data-info-url=\"http:\/\/ct.de\/-2467514\" data-backend-url=\"https:\/\/www.projekt-kirche.de\/wp-content\/plugins\/shariff-sharing\/backend\/index.php\" data-temp=\"\/tmp\" data-ttl=\"60\" data-service=\"gftr\" data-services='[\"googleplus\",\"facebook\",\"twitter\",\"reddit\",\"info\"]' data-image=\"\" data-url=\"https:\/\/www.projekt-kirche.de\/?page_id=8078\" data-lang=\"de\" data-theme=\"colored\" data-orientation=\"horizontal\"><\/div>\n<p>Fortsetzung vom 4. Teil des Basics Bibelkurses (<a href=\"https:\/\/www.projekt-kirche.de\/?page_id=7909\">S\u00fcnde)<\/a>.<\/p>\n\n\n\n<h4 class=\"wp-block-heading\">Jesus betet in Gethsemane<\/h4>\n\n\n\n<blockquote class=\"wp-block-quote is-layout-flow wp-block-quote-is-layout-flow\"><p>32&nbsp;Sie kamen zu einem Olivenhain, der Gethsemane hei\u00dft, und Jesus sagte: \u00bbSetzt euch hierher, bis ich gebetet habe.\u00ab 33&nbsp;Petrus, Jakobus und Johannes aber nahm er mit. Schreckliche Furcht und Angst ergriff ihn und 34&nbsp;er sagte zu ihnen: \u00bbMeine Seele ist zu Tode betr\u00fcbt. Bleibt hier und wacht mit mir.\u00ab 35&nbsp;Er ging ein St\u00fcck weiter und warf sich zu Boden. Dann betete er darum, dass das Schreckliche, das ihn erwartete, wenn es m\u00f6glich w\u00e4re, an ihm vor\u00fcbergehe. 36&nbsp;\u00bbAbba<span class=\"tooltips \" style=\"\" title=\"Abba ist ein aram\u00e4isches Wort f\u00fcr \u00bbVater\u00ab.\">*<\/span>, Vater\u00ab, sagte er, \u00bbdir ist alles m\u00f6glich. Lass diesen Leidenskelch an mir vor\u00fcbergehen. Doch dein Wille geschehe, nicht meiner.\u00ab 37&nbsp;Als er zur\u00fcckging, fand er die J\u00fcnger schlafend. \u00bbSimon!\u00ab, sagte er zu Petrus. \u00bbSchl\u00e4fst du etwa? Konntest du nicht eine einzige Stunde mit mir wachen? 38&nbsp;Seid wachsam und betet, sonst wird euch die Versuchung \u00fcberw\u00e4ltigen. Denn der Geist ist zwar willig, aber der K\u00f6rper ist schwach.\u00ab 39&nbsp;Danach ging er wieder weg und betete noch einmal und wiederholte seine Bitte. 40&nbsp;Als er wieder zu ihnen zur\u00fcckkehrte, waren die J\u00fcnger wieder eingeschlafen, denn sie konnten ihre Augen nicht mehr offen halten. Und sie wussten nicht, was sie ihm antworten sollten. 41&nbsp;Als er das dritte Mal zu ihnen zur\u00fcckkam, sagte er: \u00bbSchlaft ihr noch immer? Ruht ihr euch immer noch aus?<span class=\"tooltips \" style=\"\" title=\"\">*<\/span> Genug damit! Es ist so weit. Der Menschensohn wird in die H\u00e4nde der S\u00fcnder ausgeliefert. 42&nbsp;Kommt, lasst uns gehen. Der Verr\u00e4ter ist da!\u00ab<\/p><cite><a href=\"https:\/\/www.bibleserver.com\/NLB\/Markus14%2C32-42\" class=\"bibleserver extern\" target=\"_blank\" rel=\"noopener noreferrer\">Markus 14,32-42<\/a> (NLB)<\/cite><\/blockquote>\n\n\n\n<h4 class=\"wp-block-heading\">Jesus wird verraten und verhaftet<\/h4>\n\n\n\n<blockquote class=\"wp-block-quote is-layout-flow wp-block-quote-is-layout-flow\"><p>43&nbsp;Kaum hatte er das gesagt, da kam Judas, einer von den zw\u00f6lf J\u00fcngern, mit vielen M\u00e4nnern, die mit Schwertern und Kn\u00fcppeln bewaffnet waren. Sie waren von den obersten Priestern, den Schriftgelehrten und f\u00fchrenden M\u00e4nnern des Volkes geschickt worden. 44&nbsp;Judas hatte mit ihnen ein Zeichen vereinbart: \u00bbIhr werdet wissen, wer es ist, wenn ich auf ihn zugehe und ihn mit einem Kuss begr\u00fc\u00dfe. Den k\u00f6nnt ihr festnehmen und abf\u00fchren.\u00ab 45&nbsp;Sobald sie angekommen waren, ging Judas auf Jesus zu. \u00bbRabbi!\u00ab, rief er und k\u00fcsste ihn. 46&nbsp;Da packten die anderen Jesus und verhafteten ihn. 47&nbsp;Aber einer von den M\u00e4nnern, die bei Jesus waren, zog ein Schwert und schlug dem Knecht des Hohen Priesters ein Ohr ab. 48&nbsp;Jesus fragte sie: \u00bbBin ich ein Schwerverbrecher, dass ihr mit Schwertern und Kn\u00fcppeln bewaffnet kommt, um mich zu verhaften? 49&nbsp;Warum habt ihr mich nicht im Tempel festgenommen? Ich war doch jeden Tag dort und habe gelehrt. Aber dies alles geschieht, damit erf\u00fcllt wird, was die Schrift \u00fcber mich sagt.\u00ab 50&nbsp;Da lie\u00dfen ihn alle seine J\u00fcnger im Stich und flohen. 51&nbsp;Ein junger Mann, nur mit einem Leinenhemd bekleidet, schlich hinterher. Als die M\u00e4nner auch ihn zu fassen versuchten, 52&nbsp;rissen sie ihm das Hemd vom Leib, doch er entkam ihnen und lief nackt davon.<\/p><cite><a href=\"https:\/\/www.bibleserver.com\/NLB\/Markus14%2C43-51\" class=\"bibleserver extern\" target=\"_blank\" rel=\"noopener noreferrer\">MARKUS 14,43-51<\/a> (NLB)<\/cite><\/blockquote>\n\n\n\n<h4 class=\"wp-block-heading\">Jesus vor dem Hohen Rat<\/h4>\n\n\n\n<blockquote class=\"wp-block-quote is-layout-flow wp-block-quote-is-layout-flow\"><p>53&nbsp;Jesus wurde zum Haus des Hohen Priesters gebracht, wo die obersten Priester, die anderen f\u00fchrenden M\u00e4nner des Volkes und die Schriftgelehrten sich versammelt hatten. 54&nbsp;Petrus folgte ihnen in weitem Abstand und schlich sich durch das Tor in den Hof des hohepriesterlichen Palastes. Eine Weile sa\u00df er bei den Wachen und w\u00e4rmte sich am Feuer. 55&nbsp;W\u00e4hrenddessen versuchten die obersten Priester und der gesamte Hohe Rat<span class=\"tooltips \" style=\"\" title=\"Griech. der Sanhedrin\">*<\/span> Zeugen zu finden, die gegen Jesus aussagten, damit sie ihn zum Tod verurteilen konnten. Doch alle ihre Bem\u00fchungen waren vergebens. 56&nbsp;Zwar sagten viele falsche Zeugen gegen ihn aus, aber sie widersprachen einander. 57&nbsp;Schlie\u00dflich standen ein paar M\u00e4nner auf und behaupteten: 58&nbsp;\u00bbWir haben geh\u00f6rt, wie er sagte: `Ich werde diesen Tempel, der von Menschen errichtet wurde, zerst\u00f6ren und in drei Tagen einen neuen bauen, der nicht von Menschen erbaut ist.\u00b4\u00ab 59&nbsp;Doch auch ihre Aussagen stimmten nicht \u00fcberein. 60&nbsp;Da stellte sich der Hohe Priester vor die anderen hin und fragte Jesus: \u00bbWillst du denn \u00fcberhaupt nicht reden? Was hast du zu diesen Anklagen zu sagen?\u00ab 61&nbsp;Jesus gab keine Antwort. Der Hohe Priester fragte ihn: \u00bbBist du der Christus, der Sohn Gottes, des Hochgelobten?\u00ab 62&nbsp;Jesus antwortete: \u00bbIch bin es. Ihr werdet den Menschensohn zur Rechten Gottes, des Allm\u00e4chtigen, sitzen und auf den Wolken des Himmels wiederkommen sehen.\u00ab<span class=\"tooltips \" style=\"\" title=\"S. &lt;a href=&quot;https:\/\/www.bibleserver.com\/NLB\/Psalm110%2C1&quot; class=&quot;bibleserver extern&quot; target=&quot;_blank&quot; rel=&quot;noopener noreferrer&quot;&gt;Psalm 110,1&lt;\/a&gt;; &lt;a href=&quot;https:\/\/www.bibleserver.com\/NLB\/Daniel7%2C13-14&quot; class=&quot;bibleserver extern&quot; target=&quot;_blank&quot; rel=&quot;noopener noreferrer&quot;&gt;Daniel 7,13-14&lt;\/a&gt;.\">*<\/span> 63&nbsp;Da zerriss der Hohe Priester sein Gewand und sagte: \u00bbWozu brauchen wir noch weitere Zeugen? 64&nbsp;Ihr habt alle seine Gottesl\u00e4sterung geh\u00f6rt. Wie lautet euer Urteil?\u00ab Und sie verurteilten ihn zum Tod. 65&nbsp;Einige begannen, Jesus anzuspucken; sie verbanden ihm die Augen und schlugen ihm mit den F\u00e4usten ins Gesicht. \u00bbDu Prophet, sag uns, wer hat dich gerade geschlagen?\u00ab, h\u00f6hnten sie. Und selbst die Wachen pr\u00fcgelten auf ihn ein, als sie ihn abf\u00fchrten.<\/p><cite><a href=\"https:\/\/www.bibleserver.com\/NLB\/Markus14%2C52-65\" class=\"bibleserver extern\" target=\"_blank\" rel=\"noopener noreferrer\">MARKUS 14,52-65<\/a> (NLB)<\/cite><\/blockquote>\n\n\n\n<h4 class=\"wp-block-heading\">Jesus wird von Pilatus verh\u00f6rt<\/h4>\n\n\n\n<blockquote class=\"wp-block-quote is-layout-flow wp-block-quote-is-layout-flow\"><p>1&nbsp;Fr\u00fch am n\u00e4chsten Morgen traten die obersten Priester, f\u00fchrende M\u00e4nner des Volkes und Schriftgelehrte &#8211; der gesamte Hohe Rat<span class=\"tooltips \" style=\"\" title=\"Griech. der Sanhedrin; ebenso in 15,43.\">*<\/span> &#8211; zusammen, um \u00fcber das weitere Vorgehen zu beraten. Sie fesselten Jesus und brachten ihn zu Pilatus, dem r\u00f6mischen Statthalter. 2&nbsp;Pilatus fragte Jesus: \u00bbBist du der K\u00f6nig der Juden?\u00ab Jesus erwiderte: \u00bbJa, es ist, wie du sagst.\u00ab 3&nbsp;Daraufhin legten die obersten Priester Jesus zahlreiche Verbrechen zur Last. 4&nbsp;Pilatus fragte ihn: \u00bbHast du nichts dazu zu sagen? Siehst du nicht, was sie alles gegen dich vorbringen?\u00ab 5&nbsp;Doch zum gro\u00dfen Erstaunen von Pilatus schwieg Jesus. 6&nbsp;Nun war es Brauch, dass der Statthalter jedes Jahr zum Passahfest einen Gefangenen freilie\u00df, den das Volk selbst bestimmen durfte. 7&nbsp;Einer der Gefangenen zu dieser Zeit war Barabbas, der bei einem Aufstand zusammen mit anderen des Mordes \u00fcberf\u00fchrt worden war. 8&nbsp;Eine gro\u00dfe Menschenmenge bedr\u00e4ngte nun Pilatus und bat ihn, wie \u00fcblich einen Gefangenen freizulassen. 9&nbsp;\u00bbSoll ich euch den K\u00f6nig der Juden freilassen?\u00ab, fragte Pilatus. 10&nbsp;Denn Pilatus erkannte, dass die obersten Priester Jesus nur aus Neid verhaftet hatten. 11&nbsp;Doch nun hetzten die obersten Priester das Volk dazu auf, die Freilassung von Barabbas statt von Jesus zu fordern. 12&nbsp;\u00bbWenn ich Barabbas freilasse\u00ab, fragte Pilatus sie, \u00bbwas soll ich dann mit diesem Mann tun, den ihr den K\u00f6nig der Juden nennt?\u00ab 13&nbsp;Sie schrien: \u00bbKreuzige ihn!\u00ab 14&nbsp;\u00bbWarum?\u00ab, fragte Pilatus. \u00bbWas hat er denn verbrochen?\u00ab Aber die Menge schrie nur noch lauter: \u00bbKreuzige ihn!\u00ab 15&nbsp;Da lie\u00df Pilatus, weil er dem Volk gefallen wollte, Barabbas frei. Er lie\u00df Jesus auspeitschen und \u00fcbergab ihn dann den r\u00f6mischen Soldaten zur Kreuzigung.<\/p><cite><a href=\"https:\/\/www.bibleserver.com\/NLB\/Markus15%2C1-15\" class=\"bibleserver extern\" target=\"_blank\" rel=\"noopener noreferrer\">Markus 15,1-15<\/a> (NLB)<\/cite><\/blockquote>\n\n\n\n<h4 class=\"wp-block-heading\">Die Soldaten verspotten Jesus<\/h4>\n\n\n\n<blockquote class=\"wp-block-quote is-layout-flow wp-block-quote-is-layout-flow\"><p>16&nbsp;Die Soldaten brachten Jesus in das Pr\u00e4torium, den Palast<span class=\"tooltips \" style=\"\" title=\"Griech. in den Hof, das ist das Pr\u00e4torium.\">*<\/span> des r\u00f6mischen Statthalters, und riefen alle anderen Soldaten zusammen. 17&nbsp;Sie zogen ihm ein purpurfarbenes Gewand an und setzten ihm eine geflochtene Dornenkrone auf den Kopf. 18&nbsp;Dann salutierten sie und riefen: \u00bbSei gegr\u00fc\u00dft, K\u00f6nig der Juden!\u00ab 19&nbsp;Und sie schlugen ihn mit einem Stock auf den Kopf, spuckten ihn an und knieten nieder und huldigten ihm. 20&nbsp;Als sie genug davon hatten, ihn zu verspotten, zogen sie ihm das Purpurgewand wieder aus und zogen ihm seine eigenen Kleider an. Dann f\u00fchrten sie ihn ab, um ihn zu kreuzigen.<\/p><cite><a href=\"https:\/\/www.bibleserver.com\/NLB\/Markus15%2C16-20\" class=\"bibleserver extern\" target=\"_blank\" rel=\"noopener noreferrer\">MARKUS 15,16-20<\/a> (NLB)<\/cite><\/blockquote>\n\n\n\n<h4 class=\"wp-block-heading\">Die Kreuzigung<\/h4>\n\n\n\n<blockquote class=\"wp-block-quote is-layout-flow wp-block-quote-is-layout-flow\"><p>21&nbsp;Ein Mann &#8211; er hie\u00df Simon und stammte aus Kyrene<span class=\"tooltips \" style=\"\" title=\"Kyrene war eine Stadt in Nordafrika.\">*<\/span> -, kam gerade von den Feldern zur\u00fcck. Ihn zwangen sie, f\u00fcr Jesus das Kreuz zu tragen. (Simon ist der Vater von Alexander und Rufus.) 22&nbsp;Sie brachten Jesus an einen Ort, der Golgatha hei\u00dft, das bedeutet \u00bbSch\u00e4delst\u00e4tte\u00ab. 23&nbsp;Dort wollten sie ihm Wein geben, der mit Myrrhe vermischt war<span class=\"tooltips \" style=\"\" title=\"Wein mit Myrrhe war ein leichtes Bet\u00e4ubungsmittel.\">*<\/span>, aber er nahm ihn nicht. 24&nbsp;Dann nagelten sie ihn ans Kreuz. Sie verlosten seine Kleider, indem sie darum w\u00fcrfelten<span class=\"tooltips \" style=\"\" title=\"Griech. Lose warfen.\">*<\/span>, was jeder bekommen sollte. 25&nbsp;Es war neun Uhr morgens, als sie ihn kreuzigten. 26&nbsp;\u00dcber seinem Kopf wurde ein Schild am Kreuz befestigt, auf dem stand, wof\u00fcr er angeklagt worden war. Die Aufschrift lautete: \u00bbK\u00f6nig der Juden\u00ab. 27-28&nbsp;Zusammen mit ihm wurden zwei Verbrecher gekreuzigt; ihre Kreuze standen rechts und links von ihm.<span class=\"tooltips \" style=\"\" title=\"&amp;nbsp;In manchen Handschriften folgt Vers 28: So wurde das Wort der Schrift erf\u00fcllt: \u00bbEr wurde den Aufr\u00fchrern gleichgerechnet\u00ab; s. &lt;a href=&quot;https:\/\/www.bibleserver.com\/NLB\/Jesaja53%2C12&quot; class=&quot;bibleserver extern&quot; target=&quot;_blank&quot; rel=&quot;noopener noreferrer&quot;&gt;Jesaja 53,12&lt;\/a&gt;.\">*<\/span> 29&nbsp;Die Leute, die vorbeigingen, sch\u00fcttelten den Kopf und verspotteten ihn: \u00bbHa! Du kannst doch den Tempel zerst\u00f6ren und in drei Tagen wieder aufbauen, oder? 30&nbsp;Nun, dann rette dich doch selbst und steig vom Kreuz herab!\u00ab 31&nbsp;Auch die obersten Priester und Schriftgelehrten machten sich \u00fcber Jesus lustig. \u00bbAndere hat er gerettet\u00ab, l\u00e4sterten sie, \u00bbaber sich selbst kann er nicht helfen! 32&nbsp;Dieser Christus, dieser K\u00f6nig Israels, soll er doch vom Kreuz heruntersteigen, sodass wir es sehen und ihm glauben k\u00f6nnen!\u00ab Selbst die beiden Verbrecher, die mit Jesus zusammen gekreuzigt wurden, verh\u00f6hnten ihn.<\/p><cite><a href=\"https:\/\/www.bibleserver.com\/NLB\/Markus15%2C21-32\" class=\"bibleserver extern\" target=\"_blank\" rel=\"noopener noreferrer\">MARKUS 15,21-32<\/a> (NLB)<\/cite><\/blockquote>\n\n\n\n<h4 class=\"wp-block-heading\">Jesus stirbt<\/h4>\n\n\n\n<blockquote class=\"wp-block-quote is-layout-flow wp-block-quote-is-layout-flow\"><p>33&nbsp;Gegen Mittag legte sich eine Finsternis \u00fcber das ganze Land, die drei Stunden anhielt. 34&nbsp;Dann, um drei Uhr, rief Jesus mit lauter Stimme: \u00bbEli, Eli, lama asabtani?\u00ab, das bedeutet: \u00bbMein Gott, mein Gott, warum hast du mich verlassen?\u00ab<span class=\"tooltips \" style=\"\" title=\"&lt;a href=&quot;https:\/\/www.bibleserver.com\/NLB\/Psalm22%2C2&quot; class=&quot;bibleserver extern&quot; target=&quot;_blank&quot; rel=&quot;noopener noreferrer&quot;&gt;Psalm 22,2&lt;\/a&gt;.\">*<\/span> 35&nbsp;Einige von den Leuten, die dabeistanden, verstanden ihn falsch und dachten, er rufe den Propheten Elia. 36&nbsp;Einer von ihnen aber lief, tr\u00e4nkte einen Schwamm mit Weinessig, steckte ihn auf einen Stab und hielt ihn Jesus hin, damit er davon trinken konnte. \u00bbWartet. Wir wollen sehen, ob Elia wirklich kommt und ihn herunterholt!\u00ab, sagte er. 37&nbsp;Da schrie Jesus laut auf und starb<span class=\"tooltips \" style=\"\" title=\"Griech. hauchte er seinen Geist aus.\">*<\/span>.<\/p><cite><a href=\"https:\/\/www.bibleserver.com\/NLB\/Markus15%2C33-37\" class=\"bibleserver extern\" target=\"_blank\" rel=\"noopener noreferrer\">MARKUS 15,33-37<\/a> (NLB)<\/cite><\/blockquote>\n\n\n\n<p>Warum hat Jesus all das Leiden auf sich genommen und ist am Kreuz  grausam gestorben? <em>&#8211; Weil er uns, dich und mich, so sehr liebt, dass er lieber stirbt als das du dein ewiges Leben verlierst!<\/em><\/p>\n\n\n\n<p>F\u00fcr eine vertiefte Betrachtung der Leiden Jesu Christi, siehe<\/p>\n\n\n\n<ul class=\"wp-block-list\"><li> &#8220;<a href=\"http:\/\/www.earnestlycontending.com\/maranatha\/crucifixion_of_Christ.html\">The Crucifixion of Christ &#8211; The Passion of Christ from a Medical Point of View<\/a>&#8221; von C. Truman Davis, M.D., M.S., erschienen 1965 in \u201eArizona Medicine&#8221; bzw. die deutsche \u00dcbersetzung z.B. <a href=\"http:\/\/www.spaetregen-mission.de\/images\/medien\/rundbrief\/03-04-15%20Rundbrief.pdf\">hier<\/a><\/li><li>&#8220;<a href=\"https:\/\/clv.de\/Buecher\/Evangelistisches\/Argumente-fuer-den-Glauben\/Die-Tatsache-der-Auferstehung.html\">Die Tatsache der Auferstehung<\/a>&#8221; von Josh McDowell<\/li><\/ul>\n\n\n\n<blockquote class=\"wp-block-quote is-layout-flow wp-block-quote-is-layout-flow\"><p>22&nbsp;H\u00f6rt zu, ihr Menschen aus Israel! Ihr alle wisst, dass Gott durch Jesus von Nazareth gro\u00dfe Taten, Wunder und Zeichen wirkte und ihn dadurch vor euch allen best\u00e4tigte. 23&nbsp;Ihr aber habt ihn mit der Hilfe von Menschen, die das Gesetz Gottes nicht kennen, ans Kreuz nageln und ermorden lassen. Damit erf\u00fcllte sich, was bei Gott lang zuvor beschlossen war.<\/p><cite><a href=\"https:\/\/www.bibleserver.com\/NLB\/Apostelgeschichte2%2C22-23\" class=\"bibleserver extern\" target=\"_blank\" rel=\"noopener noreferrer\">Apostelgeschichte 2,22-23<\/a> (NLB)<\/cite><\/blockquote>\n\n\n\n<blockquote class=\"wp-block-quote is-layout-flow wp-block-quote-is-layout-flow\"><p>So soll nun jedermann in Israel sicher wissen, dass Gott diesen Jesus, den ihr gekreuzigt habt, zum Herrn und Christus gemacht hat!\u00ab<\/p><cite><a href=\"https:\/\/www.bibleserver.com\/NLB\/Apostelgeschichte2%2C36\" class=\"bibleserver extern\" target=\"_blank\" rel=\"noopener noreferrer\">APOSTELGESCHICHTE 2,36<\/a> (NLB)<\/cite><\/blockquote>\n\n\n\n<p>Unsere S\u00fcnde hat dazu gef\u00fchrt, dass Jesus sich aus Liebe zu uns (freiwillig!) f\u00fcr uns kreuzigen lie\u00df, damit unsere S\u00fcnden durch sein (stellvertretendes) Opfer vergeben werden k\u00f6nnen. <br \/>Jesus (der Mensch und Gott) war sogar bereit, sich (als Mensch) von Gott, seinem Vater wegen unserer S\u00fcnde zu trennen.<\/p>\n\n\n\n<p><em>Theologischer Hinweis:<\/em> Jesus als Gott blieb nat\u00fcrlich weiterhin in Einheit mit Gott dem Vater.<\/p>\n\n\n\n<blockquote class=\"wp-block-quote is-layout-flow wp-block-quote-is-layout-flow\"><p>37&nbsp;Was sie von Petrus h\u00f6rten, traf sie ins Herz, und sie fragten ihn und die anderen Apostel: \u00bbBr\u00fcder, was sollen wir tun?\u00ab 38&nbsp;Petrus antwortete ihnen: \u00bbKehrt euch ab von euren S\u00fcnden und wendet euch Gott zu. Lasst euch alle taufen im<span class=\"tooltips \" style=\"\" title=\"O. auf den Namen Jesus Christus.\">*<\/span> Namen von Jesus Christus zur Vergebung eurer S\u00fcnden. Dann werdet ihr die Gabe des Heiligen Geistes empfangen. 39&nbsp;Diese Zusage Gottes gilt euch und euren Kindern und auch denen, die fern von Gott sind &#8211; allen, die vom Herrn, unserem Gott, berufen werden.\u00ab 40&nbsp;Und Petrus predigte noch lange weiter und forderte seine Zuh\u00f6rer immer wieder auf: \u00bbRettet euch vor dieser Generation, die auf einem verkehrten Weg ist!\u00ab 41&nbsp;Diejenigen, die glaubten, was Petrus gesagt hatte, wurden getauft und geh\u00f6rten von da an zur Gemeinde &#8211; insgesamt etwa dreitausend Menschen.<\/p><cite><a href=\"https:\/\/www.bibleserver.com\/NLB\/Apostelgeschichte2%2C37-41\" class=\"bibleserver extern\" target=\"_blank\" rel=\"noopener noreferrer\">Apostelgeschichte 2,37-41<\/a> (NLB)<\/cite><\/blockquote>\n\n\n\n<ul class=\"wp-block-list\"><li><em>&#8220;traf sie ins Herz&#8221;<\/em>: als die Leute Petrus h\u00f6rten, waren sie betroffen \u00fcber ihre S\u00fcnde. <em>Wie f\u00fchlst du dich \u00fcber deine S\u00fcnden? <\/em><\/li><li><em>&#8220;was sollen wir tun?&#8221;:<\/em> die Zuh\u00f6rer f\u00fchlten sich f\u00fcr ihre S\u00fcnde(n) verantwortlich und waren bereit zu tun, was Gott erwartete, um es &#8220;wieder gut zu machen&#8221; (was nat\u00fcrlich f\u00fcr die Kreuzigung Jesu nicht wirklich m\u00f6glich war)<\/li><li><em>Wie kannst du Gott zeigen, dass du es wieder gut machen willst (soweit das menschlich m\u00f6glich ist)? Was bist du bereit zu tun? <\/em>Gott verspricht uns die Vergebung unserer S\u00fcnde und seinen Geist, der uns die Kraft dazu geben wird.<\/li><li>&#8220;Lasst euch alle taufen auf den Namen Jesus Christus zur Vergebung eurer S\u00fcnden&#8221;: <br \/><span class=\"has-inline-color has-black-color\">\u21e8 das ist der praktische Teil des<em> <a href=\"https:\/\/de.wikipedia.org\/wiki\/Evangelium_(Glaube)\">Evangeliums<\/a><\/em>, d.h. der guten Nachricht von Jesus Christus (und dem Reich Gottes, siehe folgende Lektion). Durch die Taufe werden wir (<em>aus reiner Gnade <\/em>und Barmherzigkeit Gottes!) <em>von unserer S\u00fcnde und Schuld befreit.<\/em><\/span><\/li><\/ul>\n\n\n\n<p><strong>Hinweis:<\/strong><br \/>In der katholischen und auch evangelischen Kirche gibt es die Beichte, in der die S\u00fcnden im Namen Jesus vergeben werden k\u00f6nnen (siehe <a href=\"http:\/\/www.kathpedia.com\/index.php\/Beichte\">Beichte in der katholischen Kirche<\/a> und <a href=\"https:\/\/www.ekd.de\/Beichte-11047.htm\">Beichte in der EKD<\/a>)<\/p>\n\n\n\n<blockquote class=\"wp-block-quote is-layout-flow wp-block-quote-is-layout-flow\"><p>42&nbsp;Sie nahmen stetig an der Lehre der Apostel teil, an der Gemeinschaft, an den Mahlfeiern und an den Gebeten. 43&nbsp;Eine tiefe Ehrfurcht erfasste alle, und die Apostel vollbrachten viele Zeichen und Wunder. 44&nbsp;Alle Gl\u00e4ubigen kamen regelm\u00e4\u00dfig zusammen und teilten alles miteinander, was sie besa\u00dfen. 45&nbsp;Sie verkauften ihren Besitz und teilten den Erl\u00f6s mit allen, die bed\u00fcrftig waren. 46&nbsp;Gemeinsam beteten sie t\u00e4glich im Tempel zu Gott, trafen sich zur Mahlfeier in den H\u00e4usern und nahmen gemeinsam die Mahlzeiten ein, bei denen es fr\u00f6hlich zuging und gro\u00dfz\u00fcgig geteilt wurde. 47&nbsp;Sie h\u00f6rten nicht auf, Gott zu loben, und waren bei den Leuten angesehen. Und jeden Tag f\u00fcgte der Herr neue Menschen hinzu, die gerettet wurden.<\/p><cite><a href=\"https:\/\/www.bibleserver.com\/NLB\/Apostelgeschichte2%2C42-47\" class=\"bibleserver extern\" target=\"_blank\" rel=\"noopener noreferrer\">Apostelgeschichte 2,42-47<\/a> (NLB)<\/cite><\/blockquote>\n\n\n\n<p>Menschen, die das gro\u00dfe Geschenk des Kreuzes, der Erl\u00f6sung von S\u00fcnde und Schuld erfahren haben, k\u00f6nnen in tiefer Dankbarkeit und voller Hingabe an Gott, Jesus, seinem Wort, den Br\u00fcdern und Schwestern im Glauben (d.h. der christliche Gemeinschaft der Kirche) und der Liebe zu allen Menschen (auch den schwierigen!) leben.<\/p>\n\n\n\n<blockquote class=\"wp-block-quote is-layout-flow wp-block-quote-is-layout-flow\"><p>21&nbsp;Dieses Leiden geh\u00f6rt zu dem Leben, zu dem Gott euch berufen hat. Christus, der f\u00fcr euch litt, ist euer Vorbild, dem ihr nacheifert. 22&nbsp;Er hat nie ges\u00fcndigt und nie jemanden mit seinen Worten get\u00e4uscht. 23&nbsp;Er hat sich nicht gewehrt, wenn er beschimpft wurde. Als er litt, drohte er nicht mit Vergeltung. Er \u00fcberlie\u00df seine Sache Gott, der gerecht richtet. 24&nbsp;An seinem eigenen K\u00f6rper hat er unsere S\u00fcnden an das Kreuz hinaufgetragen, damit wir f\u00fcr die S\u00fcnde tot sind und f\u00fcr die Gerechtigkeit leben k\u00f6nnen. Durch seine Wunden seid ihr geheilt worden! 25&nbsp;Fr\u00fcher seid ihr umhergeirrt wie verlorene Schafe. Aber nun seid ihr zu eurem Hirten zur\u00fcckgekehrt, dem Besch\u00fctzer eurer Seelen.<\/p><cite><a href=\"https:\/\/www.bibleserver.com\/NLB\/1.Petrus2%2C21-25\" class=\"bibleserver extern\" target=\"_blank\" rel=\"noopener noreferrer\">1.Petrus 2,21-25<\/a> (NLB)<\/cite><\/blockquote>\n\n\n\n<p><strong>Tot f\u00fcr die S\u00fcnde, aber lebendig f\u00fcr Gott: <\/strong>weil Jesus wegen unserer S\u00fcnde f\u00fcr uns gelitten hat, sollen auch wir der S\u00fcnde sterben und f\u00fcr Gott leben.<\/p>\n\n\n\n<p><strong>Empfehlung f\u00fcr eine pers\u00f6nliche Entscheidung:<\/strong><\/p>\n\n\n\n<ul class=\"wp-block-list\"><li>Ich glaube, dass Jesus f\u00fcr meine S\u00fcnde gestorben ist und mich durch sein Opfer am Kreuz vom ewigen Tod erl\u00f6st hat.<\/li><li>Ich werde mich taufen lassen (sofern ich noch nicht getauft bin), um mich von meiner pers\u00f6nlichen S\u00fcnde und auch der S\u00fcnde des gesamten Menschengeschlechts (weitergegeben seit der ersten Menschen) befreien zu lassen.<\/li><li>Ich werde S\u00fcnde vor Gott weiterhin Ernst nehmen, sie nach besten Kr\u00e4ften zu meiden versuchen und Jesus aus Dankbarkeit und tiefem Vertrauen hingegeben sein.<\/li><\/ul>\n\n\n\n<p><a href=\"https:\/\/www.projekt-kirche.de\/?page_id=8256\">Zum 6. Teil des Bibelkurses (Das Reich Gottes).<\/a><\/p>\n","protected":false},"excerpt":{"rendered":"<p>Fortsetzung vom 4. Teil des Basics Bibelkurses (S\u00fcnde). Jesus betet in Gethsemane 32&nbsp;Sie kamen zu einem Olivenhain, der Gethsemane hei\u00dft, und Jesus sagte: \u00bbSetzt euch hierher, bis ich gebetet habe.\u00ab 33&nbsp;Petrus, Jakobus und Johannes aber nahm er mit. Schreckliche Furcht und Angst ergriff ihn und 34&nbsp;er sagte zu ihnen: \u00bbMeine Seele ist zu Tode betr\u00fcbt. [&hellip;]<\/p>\n","protected":false},"author":1,"featured_media":0,"parent":0,"menu_order":0,"comment_status":"closed","ping_status":"closed","template":"","meta":{"jetpack_post_was_ever_published":false,"footnotes":""},"class_list":["post-8078","page","type-page","status-publish","hentry"],"jetpack_shortlink":"https:\/\/wp.me\/P4Sdv6-26i","jetpack_sharing_enabled":true,"_links":{"self":[{"href":"https:\/\/www.projekt-kirche.de\/index.php?rest_route=\/wp\/v2\/pages\/8078","targetHints":{"allow":["GET"]}}],"collection":[{"href":"https:\/\/www.projekt-kirche.de\/index.php?rest_route=\/wp\/v2\/pages"}],"about":[{"href":"https:\/\/www.projekt-kirche.de\/index.php?rest_route=\/wp\/v2\/types\/page"}],"author":[{"embeddable":true,"href":"https:\/\/www.projekt-kirche.de\/index.php?rest_route=\/wp\/v2\/users\/1"}],"replies":[{"embeddable":true,"href":"https:\/\/www.projekt-kirche.de\/index.php?rest_route=%2Fwp%2Fv2%2Fcomments&post=8078"}],"version-history":[{"count":59,"href":"https:\/\/www.projekt-kirche.de\/index.php?rest_route=\/wp\/v2\/pages\/8078\/revisions"}],"predecessor-version":[{"id":8636,"href":"https:\/\/www.projekt-kirche.de\/index.php?rest_route=\/wp\/v2\/pages\/8078\/revisions\/8636"}],"wp:attachment":[{"href":"https:\/\/www.projekt-kirche.de\/index.php?rest_route=%2Fwp%2Fv2%2Fmedia&parent=8078"}],"curies":[{"name":"wp","href":"https:\/\/api.w.org\/{rel}","templated":true}]}}