{"id":8256,"date":"2020-05-03T19:30:02","date_gmt":"2020-05-03T17:30:02","guid":{"rendered":"https:\/\/www.projekt-kirche.de\/?p=8256"},"modified":"2020-05-08T19:44:23","modified_gmt":"2020-05-08T17:44:23","slug":"das-reich-gottes","status":"publish","type":"page","link":"https:\/\/www.projekt-kirche.de\/?page_id=8256","title":{"rendered":"6. Das Reich Gottes"},"content":{"rendered":"<div class=\"shariff\" data-title=\"6. Das Reich Gottes\" data-info-url=\"http:\/\/ct.de\/-2467514\" data-backend-url=\"https:\/\/www.projekt-kirche.de\/wp-content\/plugins\/shariff-sharing\/backend\/index.php\" data-temp=\"\/tmp\" data-ttl=\"60\" data-service=\"gftr\" data-services='[\"googleplus\",\"facebook\",\"twitter\",\"reddit\",\"info\"]' data-image=\"\" data-url=\"https:\/\/www.projekt-kirche.de\/?page_id=8256\" data-lang=\"de\" data-theme=\"colored\" data-orientation=\"horizontal\"><\/div>\n<p>Fortsetzung vom 5. Teil des Basics Bibelkurses (<a href=\"https:\/\/www.projekt-kirche.de\/?page_id=8078\">Das Kreuz, Umkehr und Taufe<\/a>).<\/p>\n\n\n\n<p>Viele Bibelstellen im Alten und im Neuen Testament verk\u00fcndigen und beschreiben das Reich Gottes:<\/p>\n\n\n\n<figure class=\"wp-block-table aligncenter\"><table><thead><tr><th class=\"has-text-align-center\" data-align=\"center\">Nr.<\/th><th class=\"has-text-align-center\" data-align=\"center\">Prophezeiung<\/th><th class=\"has-text-align-center\" data-align=\"center\"><br>AT&amp;NT<\/th><th class=\"has-text-align-center\" data-align=\"center\">Erf\u00fcllung<\/th><\/tr><\/thead><tbody><tr><td class=\"has-text-align-center\" data-align=\"center\">1<\/td><td class=\"has-text-align-center\" data-align=\"center\">Alle V\u00f6lker<\/td><td class=\"has-text-align-center\" data-align=\"center\"><a href=\"https:\/\/www.bibleserver.com\/NLB\/Jesaja2%2C1-5\">Jes 2,1-5<\/a><br>(ca. 750 v.Chr.)<\/td><td class=\"has-text-align-center\" data-align=\"center\"><a href=\"https:\/\/www.bibleserver.com\/NLB\/Apostelgeschichte2%2C5\">Apg 2,5<\/a><\/td><\/tr><tr><td class=\"has-text-align-center\" data-align=\"center\">2<\/td><td class=\"has-text-align-center\" data-align=\"center\">Aus Jerusalem<\/td><td class=\"has-text-align-center\" data-align=\"center\"><a href=\"https:\/\/www.bibleserver.com\/NLB\/Jesaja2%2C1-5\">Jes 2,1-5<\/a><br>(ca. 750 v.Chr.)<\/td><td class=\"has-text-align-center\" data-align=\"center\"><a href=\"https:\/\/www.bibleserver.com\/NLB\/Apostelgeschichte2%2C5\">Apg 2,5<\/a><\/td><\/tr><tr><td class=\"has-text-align-center\" data-align=\"center\">3<\/td><td class=\"has-text-align-center\" data-align=\"center\">Ein ewiges Reich<\/td><td class=\"has-text-align-center\" data-align=\"center\"><a href=\"https:\/\/www.bibleserver.com\/EU\/Daniel2%2C44\">Dan 2,44<\/a>; <a href=\"https:\/\/www.bibleserver.com\/NLB\/Daniel7%2C18\" class=\"bibleserver extern\" target=\"_blank\" rel=\"noopener noreferrer\">Dan 7,18<\/a><br>(ca. 550 v.Chr.)<\/td><td class=\"has-text-align-center\" data-align=\"center\"><a href=\"https:\/\/www.bibleserver.com\/NLB\/Apostelgeschichte2%2C37-43\">Apg 2,37-43<\/a><\/td><\/tr><tr><td class=\"has-text-align-center\" data-align=\"center\">4<\/td><td class=\"has-text-align-center\" data-align=\"center\">Der Zeitpunkt<\/td><td class=\"has-text-align-center\" data-align=\"center\"><a href=\"https:\/\/www.bibleserver.com\/NLB\/Matth%C3%A4us3%2C1-3\">Mt 3,1-3<\/a>; <a href=\"https:\/\/www.bibleserver.com\/NLB\/Matth%C3%A4us4%2C17\" class=\"bibleserver extern\" target=\"_blank\" rel=\"noopener noreferrer\">Mt 4,17<\/a><br>(25-30 v.Chr.)<\/td><td class=\"has-text-align-center\" data-align=\"center\">ca. 33 n.Chr.<\/td><\/tr><tr><td class=\"has-text-align-center\" data-align=\"center\">5<\/td><td class=\"has-text-align-center\" data-align=\"center\">Zu Lebzeiten einiger J\u00fcnger<\/td><td class=\"has-text-align-center\" data-align=\"center\"><a href=\"https:\/\/www.bibleserver.com\/NLB\/Markus9%2C1\">Mk 9,1<\/a><\/td><td class=\"has-text-align-center\" data-align=\"center\"><a href=\"https:\/\/www.bibleserver.com\/EU\/Apostelgeschichte1%2C18-19\" class=\"bibleserver extern\" target=\"_blank\" rel=\"noopener noreferrer\">Apg 1,18-19<\/a>;<br><a href=\"https:\/\/www.bibleserver.com\/EU\/Apostelgeschichte2%2C14\" class=\"bibleserver extern\" target=\"_blank\" rel=\"noopener noreferrer\">Apg 2,14<\/a><\/td><\/tr><tr><td class=\"has-text-align-center\" data-align=\"center\">6<\/td><td class=\"has-text-align-center\" data-align=\"center\">Mit Kraft<\/td><td class=\"has-text-align-center\" data-align=\"center\"><a href=\"https:\/\/www.bibleserver.com\/NLB\/Markus9%2C1\">Mk 9,1<\/a><\/td><td class=\"has-text-align-center\" data-align=\"center\"><a href=\"https:\/\/www.bibleserver.com\/NLB\/Apostelgeschichte1%2C8\">Apg 1,8<\/a>; <a href=\"https:\/\/www.bibleserver.com\/NLB\/Apostelgeschichte2%2C1-4\">Apg 2,1-4<\/a><\/td><\/tr><tr><td class=\"has-text-align-center\" data-align=\"center\">7<\/td><td class=\"has-text-align-center\" data-align=\"center\">Eine neue Geburt<\/td><td class=\"has-text-align-center\" data-align=\"center\"><a href=\"https:\/\/www.bibleserver.com\/NLB\/Johannes3%2C1-7\">Joh 3,1-7<\/a><\/td><td class=\"has-text-align-center\" data-align=\"center\"><a href=\"https:\/\/www.bibleserver.com\/NLB\/Apostelgeschichte2%2C38\">Apg 2,38<\/a>; <a href=\"https:\/\/www.bibleserver.com\/EU\/Apostelgeschichte2%2C41\" class=\"bibleserver extern\" target=\"_blank\" rel=\"noopener noreferrer\">Apg 2,41<\/a><\/td><\/tr><tr><td class=\"has-text-align-center\" data-align=\"center\">8<\/td><td class=\"has-text-align-center\" data-align=\"center\">Mitten unter uns (inwendig)<\/td><td class=\"has-text-align-center\" data-align=\"center\"><a href=\"https:\/\/www.bibleserver.com\/EU\/Lukas17%2C20-21\">Lk 17,20-21<\/a><\/td><td class=\"has-text-align-center\" data-align=\"center\"><a href=\"https:\/\/www.bibleserver.com\/NLB\/Apostelgeschichte2%2C37-38\">Apg 2,37-38<\/a><\/td><\/tr><tr><td class=\"has-text-align-center\" data-align=\"center\">9<\/td><td class=\"has-text-align-center\" data-align=\"center\">Petrus wird es beginnen<\/td><td class=\"has-text-align-center\" data-align=\"center\"><a href=\"https:\/\/www.bibleserver.com\/NLB\/Matth%C3%A4us16%2C13-19\">Mt 16,13-19<\/a><\/td><td class=\"has-text-align-center\" data-align=\"center\"><a href=\"https:\/\/www.bibleserver.com\/NLB\/Apostelgeschichte2%2C14\">Apg 2,14<\/a>; <a href=\"https:\/\/www.bibleserver.com\/NLB\/Apostelgeschichte2%2C38\">Apg 2,38<\/a><\/td><\/tr><tr><td class=\"has-text-align-center\" data-align=\"center\">10<\/td><td class=\"has-text-align-center\" data-align=\"center\">Umkehr und Vergebung der<br>S\u00fcnden wird gepredigt<\/td><td class=\"has-text-align-center\" data-align=\"center\"><a href=\"https:\/\/www.bibleserver.com\/NLB\/Lukas24%2C44-49\">Lk 24,44-49<\/a><\/td><td class=\"has-text-align-center\" data-align=\"center\"><a href=\"https:\/\/www.bibleserver.com\/NLB\/Apostelgeschichte2%2C38\">Apg 2,38<\/a><\/td><\/tr><\/tbody><\/table><figcaption>Prophezeiungen des Reiches Gottes im Alten (AT) und Neuem (NT) Testament und<br>Erf\u00fcllung in der Apostelgeschichte (Apg)<\/figcaption><\/figure>\n\n\n\n<p>Aus den erf\u00fcllten Prophezeiungen ist ersichtlich, dass das Reich Gottes (auf Erden) mit der Kirche gleichgesetzt werden kann, d. h. dass es in der um ca. 33 n. Chr. von Jesus Christus gegr\u00fcndete und vom Heiligen Geist aufgebaute Kirche Gestalt annimmt. <\/p>\n\n\n\n<p><strong>Theologische Hinweise:<\/strong><\/p>\n\n\n\n<p>Das &#8220;Reich Gottes&#8221; hat in der Bibel 3 verschiedene Bedeutungen:<\/p>\n\n\n\n<ol class=\"wp-block-list\"><li>Jesus selbst (als K\u00f6nig des Reiches)<\/li><li>Das Reich Gottes (als Herrschaft Gottes) in uns (-erem Herzen) <\/li><li>Die universale Kirche (als Herrschaftsgebiet, d.h. die Gesamtheit aller Heiligen bzw. der geretteten Menschen auf der Erde als auch im Himmel)<\/li><\/ol>\n\n\n\n<p>Der Evangelist Matth\u00e4us bezeichnet das &#8220;Reich Gottes&#8221; (vielleicht auch als gute Zusammenfassung der verschiedenen Bedeutungen) als &#8220;Himmelreich&#8221; (siehe z.B. <a href=\"https:\/\/www.bibleserver.com\/NLB\/Matth%C3%A4us3%2C2\" class=\"bibleserver extern\" target=\"_blank\" rel=\"noopener noreferrer\">Mt 3,2<\/a>).<\/p>\n\n\n\n<p>Das Reich Gottes beginnt als Samen, den Jesus Christus mit seinem Wort in unser Herz ges\u00e4t hat (vgl. das Gleichnis vom S\u00e4mann in <a href=\"https:\/\/www.bibleserver.com\/NLB\/Lukas8%2C11-15\" class=\"bibleserver extern\" target=\"_blank\" rel=\"noopener noreferrer\">Lk 8,11-15<\/a>) und w\u00e4chst bis in den Himmel (vgl. das Gleichnis vom Senfkornsamen in <a href=\"https:\/\/www.bibleserver.com\/NLB\/Matth%C3%A4us13%2C31-32\" class=\"bibleserver extern\" target=\"_blank\" rel=\"noopener noreferrer\">Mt 13,31-32<\/a>), umfasst also Himmel und Erde, d.h. alle gerettete Menschen auf der Erde und im Himmel), siehe auch <a href=\"https:\/\/www.projekt-kirche.de\/?p=5573\">\u00dcber das Reich Gottes<\/a>. <\/p>\n\n\n\n<p>Die Kirche auf Erden ist also die sichtbare Wirklichkeit des Reiches Gottes auf Erden (kath.: <a href=\"https:\/\/de.zenit.org\/articles\/die-kirche-als-sakrament\/\">Kirche als (Heils-)Sakrament<\/a>) und w\u00e4chst unaufhaltsam seit Jesu erstem Erscheinen auf der Erde bis zur seiner Wiederkunft, wenn dann das irdische Reich Gottes (die Kirche) mit dem himmlischen Reich Gottes (dem Himmel) zu einem einzigen und allen sichtbaren und glorreichem Reich Gottes endg\u00fcltig vereint wird.<\/p>\n\n\n\n<p>Das Reich Gottes auf Erden umfasst als &#8220;neue Arche&#8221; alle durch Jesu Opfertod am Kreuz von der &#8220;S\u00fcndflut&#8221; geretteten Menschen.<\/p>\n\n\n\n<p>Eine umfassendere Beschreibung und Erkl\u00e4rung der Kirche und des Zusammenhangs mit dem Reich Gottes findest du in dem eBook <a href=\"http:\/\/www.projekt-kirche.de\/wp-content\/uploads\/2018\/11\/c3bcber-die-kirche_v1-4_a5_2014-10-12.pdf\">\u00dcber die Kirche<\/a>. <\/p>\n\n\n\n<blockquote class=\"wp-block-quote is-layout-flow wp-block-quote-is-layout-flow\"><p>&nbsp;Macht das Reich Gottes zu eurem wichtigsten Anliegen, lebt in Gottes Gerechtigkeit, und er wird euch all das geben, was ihr braucht.<\/p><cite><a href=\"https:\/\/www.bibleserver.com\/NLB\/Matth%C3%A4us6%2C33\" class=\"bibleserver extern\" target=\"_blank\" rel=\"noopener noreferrer\">Matth\u00e4us 6,33<\/a> (NLB)<\/cite><\/blockquote>\n\n\n\n<p>Als Christen setzen wir das Reich Gottes (d.h. das Streben nach einem heiligen Leben nach dem Willen des K\u00f6nigs Jesu) an erste Stelle in unserem Leben (und vertrauen darauf, dass Gott uns alles andere gibt, was wir f\u00fcr unser Leben ben\u00f6tigen).<\/p>\n\n\n\n<p><strong>Empfehlung einer pers\u00f6nliche Entscheidung: <\/strong><br>Die (irdische) Kirche ist Gottes (sichtbare) Reich hier auf Erden und ich werde Gottes Reich mit Jesu K\u00f6nigsherrschaft an h\u00f6chste Stelle in meinem Leben setzen.<\/p>\n\n\n\n<p>Und was das konkret und praktisch hei\u00dft, werden wir uns in der n\u00e4chsten und letzten Lektion &#8220;<a href=\"https:\/\/www.projekt-kirche.de\/?page_id=8336\">Das Leben in der Kirche<\/a>&#8221; gemeinsam ansehen.<\/p>\n","protected":false},"excerpt":{"rendered":"<p>Fortsetzung vom 5. Teil des Basics Bibelkurses (Das Kreuz, Umkehr und Taufe). Viele Bibelstellen im Alten und im Neuen Testament verk\u00fcndigen und beschreiben das Reich Gottes: Nr. Prophezeiung AT&amp;NT Erf\u00fcllung 1 Alle V\u00f6lker Jes 2,1-5(ca. 750 v.Chr.) Apg 2,5 2 Aus Jerusalem Jes 2,1-5(ca. 750 v.Chr.) Apg 2,5 3 Ein ewiges Reich Dan 2,44; Dan [&hellip;]<\/p>\n","protected":false},"author":1,"featured_media":0,"parent":0,"menu_order":0,"comment_status":"open","ping_status":"open","template":"","meta":{"jetpack_post_was_ever_published":false,"footnotes":""},"class_list":["post-8256","page","type-page","status-publish","hentry"],"jetpack_shortlink":"https:\/\/wp.me\/P4Sdv6-29a","jetpack_sharing_enabled":true,"_links":{"self":[{"href":"https:\/\/www.projekt-kirche.de\/index.php?rest_route=\/wp\/v2\/pages\/8256","targetHints":{"allow":["GET"]}}],"collection":[{"href":"https:\/\/www.projekt-kirche.de\/index.php?rest_route=\/wp\/v2\/pages"}],"about":[{"href":"https:\/\/www.projekt-kirche.de\/index.php?rest_route=\/wp\/v2\/types\/page"}],"author":[{"embeddable":true,"href":"https:\/\/www.projekt-kirche.de\/index.php?rest_route=\/wp\/v2\/users\/1"}],"replies":[{"embeddable":true,"href":"https:\/\/www.projekt-kirche.de\/index.php?rest_route=%2Fwp%2Fv2%2Fcomments&post=8256"}],"version-history":[{"count":87,"href":"https:\/\/www.projekt-kirche.de\/index.php?rest_route=\/wp\/v2\/pages\/8256\/revisions"}],"predecessor-version":[{"id":8498,"href":"https:\/\/www.projekt-kirche.de\/index.php?rest_route=\/wp\/v2\/pages\/8256\/revisions\/8498"}],"wp:attachment":[{"href":"https:\/\/www.projekt-kirche.de\/index.php?rest_route=%2Fwp%2Fv2%2Fmedia&parent=8256"}],"curies":[{"name":"wp","href":"https:\/\/api.w.org\/{rel}","templated":true}]}}