{"id":8610,"date":"2020-05-10T15:50:10","date_gmt":"2020-05-10T13:50:10","guid":{"rendered":"https:\/\/www.projekt-kirche.de\/?page_id=8610"},"modified":"2020-05-10T16:06:24","modified_gmt":"2020-05-10T14:06:24","slug":"nfp","status":"publish","type":"page","link":"https:\/\/www.projekt-kirche.de\/?page_id=8610","title":{"rendered":"NFP"},"content":{"rendered":"<div class=\"shariff\" data-title=\"NFP\" data-info-url=\"http:\/\/ct.de\/-2467514\" data-backend-url=\"https:\/\/www.projekt-kirche.de\/wp-content\/plugins\/shariff-sharing\/backend\/index.php\" data-temp=\"\/tmp\" data-ttl=\"60\" data-service=\"gftr\" data-services='[\"googleplus\",\"facebook\",\"twitter\",\"reddit\",\"info\"]' data-image=\"\" data-url=\"https:\/\/www.projekt-kirche.de\/?page_id=8610\" data-lang=\"de\" data-theme=\"colored\" data-orientation=\"horizontal\"><\/div>\n<p>NFP hei\u00dft Nat\u00fcrliche Familienplanung und ist eine (bei richtiger Anwendung) sehr zuverl\u00e4ssige Methode zur nat\u00fcrlichen Empf\u00e4ngnisplanung ohne Nebenwirkungen. <\/p>\n\n\n\n<p>Nachdem diese Methode im deutschsprachigen Raum zumindest immer noch recht unbekannt ist, werden im Folgenden ein paar empfehlenswerte Links zu Info- bzw. Produktseiten aufgelistet.<\/p>\n\n\n\n<p>Das Projekt Kirche ist weder mit den verlinkten Organisationen oder Firmen in irgendeiner Weise verbunden noch erh\u00e4lt es Provisionen oder sonstige Vorteile durch die Verlinkung. <\/p>\n\n\n\n<ul class=\"wp-block-list\"><li><a href=\"https:\/\/www.mynfp.de\/\" target=\"_blank\" rel=\"noreferrer noopener\">myNFP<\/a> (Erkl\u00e4rung von NFP inkl. App) <\/li><li><a rel=\"noreferrer noopener\" href=\"https:\/\/ovyapp.com\" target=\"_blank\">Ovy<\/a> (NFP Temperatursensoren\/App) <\/li><li><a rel=\"noreferrer noopener\" href=\"https:\/\/www.tempdrop.com\/\" target=\"_blank\">Tempodrop<\/a> (NFP Temperatursensor) <\/li><li><a rel=\"noreferrer noopener\" href=\"https:\/\/play.google.com\/store\/apps\/details?id=com.sleekbit.ovuview\" target=\"_blank\">OvuView<\/a> (NFP Android App) <\/li><\/ul>\n","protected":false},"excerpt":{"rendered":"<p>NFP hei\u00dft Nat\u00fcrliche Familienplanung und ist eine (bei richtiger Anwendung) sehr zuverl\u00e4ssige Methode zur nat\u00fcrlichen Empf\u00e4ngnisplanung ohne Nebenwirkungen. Nachdem diese Methode im deutschsprachigen Raum zumindest immer noch recht unbekannt ist, werden im Folgenden ein paar empfehlenswerte Links zu Info- bzw. Produktseiten aufgelistet. Das Projekt Kirche ist weder mit den verlinkten Organisationen oder Firmen in irgendeiner [&hellip;]<\/p>\n","protected":false},"author":1,"featured_media":0,"parent":0,"menu_order":0,"comment_status":"closed","ping_status":"closed","template":"","meta":{"jetpack_post_was_ever_published":false,"footnotes":""},"class_list":["post-8610","page","type-page","status-publish","hentry"],"jetpack_shortlink":"https:\/\/wp.me\/P4Sdv6-2eS","jetpack_sharing_enabled":true,"_links":{"self":[{"href":"https:\/\/www.projekt-kirche.de\/index.php?rest_route=\/wp\/v2\/pages\/8610","targetHints":{"allow":["GET"]}}],"collection":[{"href":"https:\/\/www.projekt-kirche.de\/index.php?rest_route=\/wp\/v2\/pages"}],"about":[{"href":"https:\/\/www.projekt-kirche.de\/index.php?rest_route=\/wp\/v2\/types\/page"}],"author":[{"embeddable":true,"href":"https:\/\/www.projekt-kirche.de\/index.php?rest_route=\/wp\/v2\/users\/1"}],"replies":[{"embeddable":true,"href":"https:\/\/www.projekt-kirche.de\/index.php?rest_route=%2Fwp%2Fv2%2Fcomments&post=8610"}],"version-history":[{"count":4,"href":"https:\/\/www.projekt-kirche.de\/index.php?rest_route=\/wp\/v2\/pages\/8610\/revisions"}],"predecessor-version":[{"id":8614,"href":"https:\/\/www.projekt-kirche.de\/index.php?rest_route=\/wp\/v2\/pages\/8610\/revisions\/8614"}],"wp:attachment":[{"href":"https:\/\/www.projekt-kirche.de\/index.php?rest_route=%2Fwp%2Fv2%2Fmedia&parent=8610"}],"curies":[{"name":"wp","href":"https:\/\/api.w.org\/{rel}","templated":true}]}}